{"id":29173,"date":"2025-04-14T17:30:31","date_gmt":"2025-04-14T10:30:31","guid":{"rendered":"https:\/\/interpetfest.com\/?page_id=29173"},"modified":"2025-04-14T17:39:54","modified_gmt":"2025-04-14T10:39:54","slug":"vietnams-pet-market-growth-potential-and-business-opportunities","status":"publish","type":"page","link":"https:\/\/interpetvietnam.com\/fr\/potentiel-de-croissance-et-opportunites-commerciales-du-marche-vietnamien-des-animaux-de-compagnie\/","title":{"rendered":"Le march\u00e9 des animaux de compagnie au Vietnam\u00a0: potentiel de croissance et opportunit\u00e9s commerciales"},"content":{"rendered":"<p><img loading=\"lazy\" decoding=\"async\" class=\"alignnone wp-image-29174 size-full\" src=\"https:\/\/interpetvietnam.com\/wp-content\/uploads\/2025\/04\/0A7A0815.jpg\" alt=\"\" width=\"1920\" height=\"1281\" srcset=\"https:\/\/interpetvietnam.com\/wp-content\/uploads\/2025\/04\/0A7A0815.jpg 1600w, https:\/\/interpetvietnam.com\/wp-content\/uploads\/2025\/04\/0A7A0815-300x200.jpg 300w, https:\/\/interpetvietnam.com\/wp-content\/uploads\/2025\/04\/0A7A0815-1024x683.jpg 1024w, https:\/\/interpetvietnam.com\/wp-content\/uploads\/2025\/04\/0A7A0815-768x512.jpg 768w, https:\/\/interpetvietnam.com\/wp-content\/uploads\/2025\/04\/0A7A0815-1536x1025.jpg 1536w, https:\/\/interpetvietnam.com\/wp-content\/uploads\/2025\/04\/0A7A0815-18x12.jpg 18w, https:\/\/interpetvietnam.com\/wp-content\/uploads\/2025\/04\/0A7A0815-600x400.jpg 600w\" sizes=\"auto, (max-width: 1920px) 100vw, 1920px\" \/><\/p>\n<p><span style=\"font-weight: 400;\"><b>Le march\u00e9 des animaux de compagnie au Vietnam\u00a0: potentiel de croissance et opportunit\u00e9s commerciales<\/b><\/span><\/p>\n<p><span style=\"font-weight: 400;\">Le march\u00e9 des animaux de compagnie au Vietnam conna\u00eet une croissance rapide, refl\u00e9tant l&#039;\u00e9volution des modes de vie et des mentalit\u00e9s des consommateurs vis-\u00e0-vis de la possession et des soins des animaux. L&#039;essor rapide de la classe moyenne, l&#039;urbanisation et l&#039;influence de la culture occidentale ont aliment\u00e9 la demande d&#039;animaux de compagnie, notamment de chiens et de chats, ainsi qu&#039;une attention accrue port\u00e9e \u00e0 leur bien-\u00eatre.<\/span><\/p>\n<p><span style=\"font-weight: 400;\">D&#039;apr\u00e8s le rapport 2024 de TGM Research, le Vietnam compte actuellement environ 8 millions de chiens et 4 millions de chats domestiques, soit une augmentation de 151 milliards de dollars par rapport \u00e0 l&#039;ann\u00e9e pr\u00e9c\u00e9dente. Cette forte hausse t\u00e9moigne de l&#039;expansion rapide du march\u00e9, notamment aupr\u00e8s des jeunes propri\u00e9taires d&#039;animaux et des familles aux revenus plus \u00e9lev\u00e9s. Par ailleurs, le secteur des animaux de compagnie a connu une croissance remarquable, avec un chiffre d&#039;affaires estim\u00e9 \u00e0 14,5 milliards de dollars en 2024 et un taux de croissance annuel moyen de 201 milliards de dollars.<\/span><\/p>\n<p><b>La croissance rapide de l&#039;industrie des animaux de compagnie<\/b><\/p>\n<p><span style=\"font-weight: 400;\"><img loading=\"lazy\" decoding=\"async\" class=\"alignnone wp-image-28640 size-full\" src=\"https:\/\/interpetvietnam.com\/wp-content\/uploads\/2025\/03\/LQT_1418.jpg\" alt=\"\" width=\"1920\" height=\"1280\" srcset=\"https:\/\/interpetvietnam.com\/wp-content\/uploads\/2025\/03\/LQT_1418.jpg 1600w, https:\/\/interpetvietnam.com\/wp-content\/uploads\/2025\/03\/LQT_1418-300x200.jpg 300w, https:\/\/interpetvietnam.com\/wp-content\/uploads\/2025\/03\/LQT_1418-1024x683.jpg 1024w, https:\/\/interpetvietnam.com\/wp-content\/uploads\/2025\/03\/LQT_1418-768x512.jpg 768w, https:\/\/interpetvietnam.com\/wp-content\/uploads\/2025\/03\/LQT_1418-1536x1024.jpg 1536w, https:\/\/interpetvietnam.com\/wp-content\/uploads\/2025\/03\/LQT_1418-18x12.jpg 18w, https:\/\/interpetvietnam.com\/wp-content\/uploads\/2025\/03\/LQT_1418-600x400.jpg 600w\" sizes=\"auto, (max-width: 1920px) 100vw, 1920px\" \/><\/span><\/p>\n<p><span style=\"font-weight: 400;\">L&#039;alimentation animale repr\u00e9sente le segment le plus important du secteur, contribuant \u00e0 hauteur de plus de 601\u00a0000 milliards de dollars au chiffre d&#039;affaires total. Les propri\u00e9taires d&#039;animaux de compagnie vietnamiens privil\u00e9gient de plus en plus les aliments de qualit\u00e9 sup\u00e9rieure, les produits biologiques et les r\u00e9gimes alimentaires sp\u00e9cialis\u00e9s pour am\u00e9liorer la sant\u00e9 de leurs animaux. Cette tendance a favoris\u00e9 l&#039;essor des marques d&#039;aliments pour animaux de compagnie import\u00e9es de haute qualit\u00e9 en provenance des \u00c9tats-Unis, d&#039;Europe et du Japon.<\/span><\/p>\n<p><span style=\"font-weight: 400;\">Au-del\u00e0 de l&#039;alimentation, le secteur des accessoires et services pour animaux de compagnie conna\u00eet \u00e9galement une croissance rapide. Des services tels que les spas pour animaux, les pensions, les assurances et les soins v\u00e9t\u00e9rinaires sp\u00e9cialis\u00e9s gagnent en popularit\u00e9, notamment dans les grandes villes comme Hano\u00ef et H\u00f4 Chi Minh-Ville. Une enqu\u00eate de TGM Research a r\u00e9v\u00e9l\u00e9 que 451\u00a0000\u00a0000 propri\u00e9taires d&#039;animaux sont pr\u00eats \u00e0 d\u00e9penser plus de 500\u00a0000\u00a0VND (1\u00a0400\u00a0000\u00a0VND et 120\u00a0000\u00a0VND et ...<\/span><\/p>\n<p><span style=\"font-weight: 400;\">Le commerce \u00e9lectronique et les r\u00e9seaux sociaux jouent \u00e9galement un r\u00f4le crucial dans l&#039;\u00e9volution du secteur. De nombreuses marques tirent parti de ces plateformes pour interagir avec leurs clients, promouvoir leurs produits et f\u00e9d\u00e9rer des communaut\u00e9s dynamiques autour des animaux de compagnie. Ces facteurs rendent le secteur animalier vietnamien plus dynamique et prometteur que jamais.<\/span><\/p>\n<p><span style=\"font-weight: 400;\">Face \u00e0 la forte croissance du march\u00e9, InterPet Expo Vi\u1ec7t Nam \u2013 Festival international des animaux de compagnie et salon du Vietnam \u2013 est devenu un \u00e9v\u00e9nement incontournable, r\u00e9unissant entreprises, experts et passionn\u00e9s d&#039;animaux. Ce salon pr\u00e9sente des produits et services de pointe, d\u00e9voile les derni\u00e8res innovations en mati\u00e8re de soins animaliers et offre une plateforme de r\u00e9seautage pr\u00e9cieuse aux entreprises locales et internationales.<\/span><\/p>\n<p>&nbsp;<\/p>\n<p><b>InterPet Expo Vi\u1ec7t Nam 2026 \u2013 Le principal festival et salon international des animaux de compagnie au Vietnam\u00a0<\/b><\/p>\n<p><b>PSV 2026 \u2013 Salon international de l&#039;approvisionnement en animaux de compagnie au Vietnam\u00a0<\/b><\/p>\n<p><span style=\"font-weight: 400;\"><img loading=\"lazy\" decoding=\"async\" class=\"alignnone wp-image-29175 size-full\" src=\"https:\/\/interpetvietnam.com\/wp-content\/uploads\/2025\/04\/0A7A0796.jpg\" alt=\"\" width=\"1920\" height=\"1281\" srcset=\"https:\/\/interpetvietnam.com\/wp-content\/uploads\/2025\/04\/0A7A0796.jpg 1600w, https:\/\/interpetvietnam.com\/wp-content\/uploads\/2025\/04\/0A7A0796-300x200.jpg 300w, https:\/\/interpetvietnam.com\/wp-content\/uploads\/2025\/04\/0A7A0796-1024x683.jpg 1024w, https:\/\/interpetvietnam.com\/wp-content\/uploads\/2025\/04\/0A7A0796-768x512.jpg 768w, https:\/\/interpetvietnam.com\/wp-content\/uploads\/2025\/04\/0A7A0796-1536x1025.jpg 1536w, https:\/\/interpetvietnam.com\/wp-content\/uploads\/2025\/04\/0A7A0796-18x12.jpg 18w, https:\/\/interpetvietnam.com\/wp-content\/uploads\/2025\/04\/0A7A0796-600x400.jpg 600w\" sizes=\"auto, (max-width: 1920px) 100vw, 1920px\" \/><\/span><\/p>\n<p><span style=\"font-weight: 400;\">InterPet Expo Vi\u1ec7t Nam &amp; PSV 2026 r\u00e9unira des marques de renom et proposera des activit\u00e9s passionnantes telles que des comp\u00e9titions professionnelles, notamment le Grand Concours Canin SECC du Vietnam, le Concours de Toilettage ISCC du Vietnam, ainsi qu&#039;un s\u00e9minaire professionnel sur l&#039;industrie animali\u00e8re, une conf\u00e9rence v\u00e9t\u00e9rinaire, un atelier pour les propri\u00e9taires d&#039;animaux et des concours animaliers. L&#039;\u00e9v\u00e9nement vise \u00e0 attirer 3\u00a0000 acheteurs et 10\u00a0000 amoureux des animaux venus de 20 pays. InterPet Expo Vi\u1ec7t Nam offre aux entreprises une opportunit\u00e9 id\u00e9ale pour \u00e9tendre leur march\u00e9, nouer des partenariats strat\u00e9giques et pr\u00e9senter leurs produits et services.<\/span><\/p>\n<p><span style=\"font-weight: 400;\">Avec un potentiel immense et une croissance fulgurante, le march\u00e9 vietnamien des animaux de compagnie offre des opportunit\u00e9s commerciales lucratives. InterPet Expo Vi\u1ec7t Nam en est un \u00e9v\u00e9nement phare, favorisant les \u00e9changes et stimulant le d\u00e9veloppement durable de ce secteur dynamique.<\/span><\/p>\n<p><span style=\"font-weight: 400;\">Pour en savoir plus sur InterPet Expo Vi\u1ec7t Nam &amp; PSV 2026 et t\u00e9l\u00e9charger l&#039;\u00e9tude Vietnam Pet Care Research, cliquez sur le lien ci-dessous\u00a0:\u00a0 <\/span><span style=\"text-decoration: underline;\"><em><a href=\"https:\/\/www.eventure.com.vn\/reportvietnam\"><span style=\"font-weight: 400;\">https:\/\/www.eventure.com.vn\/reportvietnam<\/span><\/a><span style=\"font-weight: 400;\">\u00a0<\/span><\/em><\/span><\/p>\n<p>&nbsp;<\/p>","protected":false},"excerpt":{"rendered":"<p>Vietnam&#8217;s Pet Market: Growth Potential and Business Opportunities The pet market in Vietnam is growing rapidly, reflecting shifting lifestyles and evolving consumer attitudes toward pet ownership and care. The rapid rise of the middle class, urbanization, and Western cultural influences have fueled the demand for pets\u2014especially dogs and cats\u2014along with a growing focus on their<\/p>","protected":false},"author":1,"featured_media":0,"parent":0,"menu_order":0,"comment_status":"closed","ping_status":"closed","template":"","meta":{"inline_featured_image":false,"footnotes":""},"class_list":["post-29173","page","type-page","status-publish","hentry"],"acf":[],"yoast_head":"<!-- This site is optimized with the Yoast SEO Premium plugin v22.8 (Yoast SEO v26.3) - https:\/\/yoast.com\/wordpress\/plugins\/seo\/ -->\n<title>Vietnam&#039;s Pet Market: Growth Potential and Business Opportunities - InterPet Expo Vietnam<\/title>\n<meta name=\"description\" content=\"Explore Vietnam&#039;s booming pet market and discover key trends, growth drivers, and business opportunities at InterPet Expo Vi\u1ec7t Nam &amp; PSV 2026.\" \/>\n<meta name=\"robots\" content=\"noindex, follow, max-snippet:-1, max-image-preview:large, max-video-preview:-1\" \/>\n<meta property=\"og:locale\" content=\"fr_FR\" \/>\n<meta property=\"og:type\" content=\"article\" \/>\n<meta property=\"og:title\" content=\"Vietnam&#039;s Pet Market: Growth Potential and Business Opportunities\" \/>\n<meta property=\"og:description\" content=\"Explore Vietnam&#039;s booming pet market and discover key trends, growth drivers, and business opportunities at InterPet Expo Vi\u1ec7t Nam &amp; PSV 2026.\" \/>\n<meta property=\"og:url\" content=\"https:\/\/interpetvietnam.com\/fr\/potentiel-de-croissance-et-opportunites-commerciales-du-marche-vietnamien-des-animaux-de-compagnie\/\" \/>\n<meta property=\"og:site_name\" content=\"InterPet Expo Vietnam\" \/>\n<meta property=\"article:modified_time\" content=\"2025-04-14T10:39:54+00:00\" \/>\n<meta property=\"og:image\" content=\"https:\/\/interpetvietnam.com\/wp-content\/uploads\/2025\/04\/0A7A0815.jpg\" \/>\n<meta name=\"twitter:card\" content=\"summary_large_image\" \/>\n<meta name=\"twitter:label1\" content=\"Dur\u00e9e de lecture estim\u00e9e\" \/>\n\t<meta name=\"twitter:data1\" content=\"3 minutes\" \/>\n<script type=\"application\/ld+json\" class=\"yoast-schema-graph\">{\"@context\":\"https:\/\/schema.org\",\"@graph\":[{\"@type\":\"WebPage\",\"@id\":\"https:\/\/interpetvietnam.com\/vietnams-pet-market-growth-potential-and-business-opportunities\/\",\"url\":\"https:\/\/interpetvietnam.com\/vietnams-pet-market-growth-potential-and-business-opportunities\/\",\"name\":\"Vietnam's Pet Market: Growth Potential and Business Opportunities - InterPet Expo Vietnam\",\"isPartOf\":{\"@id\":\"https:\/\/interpetvietnam.com\/#website\"},\"primaryImageOfPage\":{\"@id\":\"https:\/\/interpetvietnam.com\/vietnams-pet-market-growth-potential-and-business-opportunities\/#primaryimage\"},\"image\":{\"@id\":\"https:\/\/interpetvietnam.com\/vietnams-pet-market-growth-potential-and-business-opportunities\/#primaryimage\"},\"thumbnailUrl\":\"https:\/\/interpetvietnam.com\/wp-content\/uploads\/2025\/04\/0A7A0815.jpg\",\"datePublished\":\"2025-04-14T10:30:31+00:00\",\"dateModified\":\"2025-04-14T10:39:54+00:00\",\"description\":\"Explore Vietnam's booming pet market and discover key trends, growth drivers, and business opportunities at InterPet Expo Vi\u1ec7t Nam & PSV 2026.\",\"breadcrumb\":{\"@id\":\"https:\/\/interpetvietnam.com\/vietnams-pet-market-growth-potential-and-business-opportunities\/#breadcrumb\"},\"inLanguage\":\"fr-FR\",\"potentialAction\":[{\"@type\":\"ReadAction\",\"target\":[\"https:\/\/interpetvietnam.com\/vietnams-pet-market-growth-potential-and-business-opportunities\/\"]}]},{\"@type\":\"ImageObject\",\"inLanguage\":\"fr-FR\",\"@id\":\"https:\/\/interpetvietnam.com\/vietnams-pet-market-growth-potential-and-business-opportunities\/#primaryimage\",\"url\":\"https:\/\/interpetvietnam.com\/wp-content\/uploads\/2025\/04\/0A7A0815.jpg\",\"contentUrl\":\"https:\/\/interpetvietnam.com\/wp-content\/uploads\/2025\/04\/0A7A0815.jpg\"},{\"@type\":\"BreadcrumbList\",\"@id\":\"https:\/\/interpetvietnam.com\/vietnams-pet-market-growth-potential-and-business-opportunities\/#breadcrumb\",\"itemListElement\":[{\"@type\":\"ListItem\",\"position\":1,\"name\":\"Home\",\"item\":\"https:\/\/interpetvietnam.com\/\"},{\"@type\":\"ListItem\",\"position\":2,\"name\":\"Vietnam&#8217;s Pet Market: Growth Potential and Business Opportunities\"}]},{\"@type\":\"WebSite\",\"@id\":\"https:\/\/interpetvietnam.com\/#website\",\"url\":\"https:\/\/interpetvietnam.com\/\",\"name\":\"InterPet Expo Vietnam\",\"description\":\"\",\"publisher\":{\"@id\":\"https:\/\/interpetvietnam.com\/#organization\"},\"potentialAction\":[{\"@type\":\"SearchAction\",\"target\":{\"@type\":\"EntryPoint\",\"urlTemplate\":\"https:\/\/interpetvietnam.com\/?s={search_term_string}\"},\"query-input\":{\"@type\":\"PropertyValueSpecification\",\"valueRequired\":true,\"valueName\":\"search_term_string\"}}],\"inLanguage\":\"fr-FR\"},{\"@type\":\"Organization\",\"@id\":\"https:\/\/interpetvietnam.com\/#organization\",\"name\":\"InterPet Expo Vietnam\",\"url\":\"https:\/\/interpetvietnam.com\/\",\"logo\":{\"@type\":\"ImageObject\",\"inLanguage\":\"fr-FR\",\"@id\":\"https:\/\/interpetvietnam.com\/#\/schema\/logo\/image\/\",\"url\":\"https:\/\/interpetvietnam.com\/wp-content\/uploads\/2025\/12\/interpetlogoheader.png\",\"contentUrl\":\"https:\/\/interpetvietnam.com\/wp-content\/uploads\/2025\/12\/interpetlogoheader.png\",\"width\":1361,\"height\":719,\"caption\":\"InterPet Expo Vietnam\"},\"image\":{\"@id\":\"https:\/\/interpetvietnam.com\/#\/schema\/logo\/image\/\"}}]}<\/script>\n<!-- \/ Yoast SEO Premium plugin. -->","yoast_head_json":{"title":"Vietnam's Pet Market: Growth Potential and Business Opportunities - InterPet Expo Vietnam","description":"Explore Vietnam's booming pet market and discover key trends, growth drivers, and business opportunities at InterPet Expo Vi\u1ec7t Nam & PSV 2026.","robots":{"index":"noindex","follow":"follow","max-snippet":"max-snippet:-1","max-image-preview":"max-image-preview:large","max-video-preview":"max-video-preview:-1"},"og_locale":"fr_FR","og_type":"article","og_title":"Vietnam's Pet Market: Growth Potential and Business Opportunities","og_description":"Explore Vietnam's booming pet market and discover key trends, growth drivers, and business opportunities at InterPet Expo Vi\u1ec7t Nam & PSV 2026.","og_url":"https:\/\/interpetvietnam.com\/fr\/potentiel-de-croissance-et-opportunites-commerciales-du-marche-vietnamien-des-animaux-de-compagnie\/","og_site_name":"InterPet Expo Vietnam","article_modified_time":"2025-04-14T10:39:54+00:00","og_image":[{"url":"https:\/\/interpetvietnam.com\/wp-content\/uploads\/2025\/04\/0A7A0815.jpg","type":"","width":"","height":""}],"twitter_card":"summary_large_image","twitter_misc":{"Dur\u00e9e de lecture estim\u00e9e":"3 minutes"},"schema":{"@context":"https:\/\/schema.org","@graph":[{"@type":"WebPage","@id":"https:\/\/interpetvietnam.com\/vietnams-pet-market-growth-potential-and-business-opportunities\/","url":"https:\/\/interpetvietnam.com\/vietnams-pet-market-growth-potential-and-business-opportunities\/","name":"Vietnam's Pet Market: Growth Potential and Business Opportunities - InterPet Expo Vietnam","isPartOf":{"@id":"https:\/\/interpetvietnam.com\/#website"},"primaryImageOfPage":{"@id":"https:\/\/interpetvietnam.com\/vietnams-pet-market-growth-potential-and-business-opportunities\/#primaryimage"},"image":{"@id":"https:\/\/interpetvietnam.com\/vietnams-pet-market-growth-potential-and-business-opportunities\/#primaryimage"},"thumbnailUrl":"https:\/\/interpetvietnam.com\/wp-content\/uploads\/2025\/04\/0A7A0815.jpg","datePublished":"2025-04-14T10:30:31+00:00","dateModified":"2025-04-14T10:39:54+00:00","description":"Explore Vietnam's booming pet market and discover key trends, growth drivers, and business opportunities at InterPet Expo Vi\u1ec7t Nam & PSV 2026.","breadcrumb":{"@id":"https:\/\/interpetvietnam.com\/vietnams-pet-market-growth-potential-and-business-opportunities\/#breadcrumb"},"inLanguage":"fr-FR","potentialAction":[{"@type":"ReadAction","target":["https:\/\/interpetvietnam.com\/vietnams-pet-market-growth-potential-and-business-opportunities\/"]}]},{"@type":"ImageObject","inLanguage":"fr-FR","@id":"https:\/\/interpetvietnam.com\/vietnams-pet-market-growth-potential-and-business-opportunities\/#primaryimage","url":"https:\/\/interpetvietnam.com\/wp-content\/uploads\/2025\/04\/0A7A0815.jpg","contentUrl":"https:\/\/interpetvietnam.com\/wp-content\/uploads\/2025\/04\/0A7A0815.jpg"},{"@type":"BreadcrumbList","@id":"https:\/\/interpetvietnam.com\/vietnams-pet-market-growth-potential-and-business-opportunities\/#breadcrumb","itemListElement":[{"@type":"ListItem","position":1,"name":"Home","item":"https:\/\/interpetvietnam.com\/"},{"@type":"ListItem","position":2,"name":"Vietnam&#8217;s Pet Market: Growth Potential and Business Opportunities"}]},{"@type":"WebSite","@id":"https:\/\/interpetvietnam.com\/#website","url":"https:\/\/interpetvietnam.com\/","name":"InterPet Expo Vietnam","description":"","publisher":{"@id":"https:\/\/interpetvietnam.com\/#organization"},"potentialAction":[{"@type":"SearchAction","target":{"@type":"EntryPoint","urlTemplate":"https:\/\/interpetvietnam.com\/?s={search_term_string}"},"query-input":{"@type":"PropertyValueSpecification","valueRequired":true,"valueName":"search_term_string"}}],"inLanguage":"fr-FR"},{"@type":"Organization","@id":"https:\/\/interpetvietnam.com\/#organization","name":"InterPet Expo Vietnam","url":"https:\/\/interpetvietnam.com\/","logo":{"@type":"ImageObject","inLanguage":"fr-FR","@id":"https:\/\/interpetvietnam.com\/#\/schema\/logo\/image\/","url":"https:\/\/interpetvietnam.com\/wp-content\/uploads\/2025\/12\/interpetlogoheader.png","contentUrl":"https:\/\/interpetvietnam.com\/wp-content\/uploads\/2025\/12\/interpetlogoheader.png","width":1361,"height":719,"caption":"InterPet Expo Vietnam"},"image":{"@id":"https:\/\/interpetvietnam.com\/#\/schema\/logo\/image\/"}}]}},"_links":{"self":[{"href":"https:\/\/interpetvietnam.com\/fr\/wp-json\/wp\/v2\/pages\/29173","targetHints":{"allow":["GET"]}}],"collection":[{"href":"https:\/\/interpetvietnam.com\/fr\/wp-json\/wp\/v2\/pages"}],"about":[{"href":"https:\/\/interpetvietnam.com\/fr\/wp-json\/wp\/v2\/types\/page"}],"author":[{"embeddable":true,"href":"https:\/\/interpetvietnam.com\/fr\/wp-json\/wp\/v2\/users\/1"}],"replies":[{"embeddable":true,"href":"https:\/\/interpetvietnam.com\/fr\/wp-json\/wp\/v2\/comments?post=29173"}],"version-history":[{"count":0,"href":"https:\/\/interpetvietnam.com\/fr\/wp-json\/wp\/v2\/pages\/29173\/revisions"}],"wp:attachment":[{"href":"https:\/\/interpetvietnam.com\/fr\/wp-json\/wp\/v2\/media?parent=29173"}],"curies":[{"name":"wp","href":"https:\/\/api.w.org\/{rel}","templated":true}]}}