{"id":5467,"date":"2024-08-01T14:55:07","date_gmt":"2024-08-01T07:55:07","guid":{"rendered":"https:\/\/interpetfest.com\/?page_id=5467"},"modified":"2024-08-01T15:02:08","modified_gmt":"2024-08-01T08:02:08","slug":"huong-dan-thanh-toan-vnpay-tren-website","status":"publish","type":"page","link":"https:\/\/interpetvietnam.com\/fr\/site-web-de-huong-dan-thanh-toan-vnpay-tren\/","title":{"rendered":"Plus de d\u00e9tails sur le site Web de VNPAY"},"content":{"rendered":"<h3><strong>SITE WEB H\u01af\u1edaNG D\u1eaaN THANH TO\u00c1N VNPAY TR\u00caN<\/strong><\/h3>\n<p>C\u1ed5ng thanh to\u00e1n VNPAY est un ph\u00e1p thanh to\u00e1n do C\u00f4ng ty C\u1ed5 ph\u1ea7n Gi\u1ea3i ph\u00e1p Thanh to\u00e1n Vi\u1ec7t Nam (VNPAY) ph\u00e1t tri\u1ec3n. Lorsque vous souhaitez utiliser QR Pay\/VNPAY-QR, vous pouvez acc\u00e9der aux services bancaires mobiles avec les services bancaires mobiles. \u0111i\u1ec7n t\u1eed lien k\u1ebft \u0111\u1ec3 thanh to\u00e1n c\u00e1c giao d\u1ecbch et nh\u1eadp m\u00e3 gi\u1ea3m gi\u00e1 (n\u1ebfu c\u00f3)<\/p>\n<p><strong>Qu&#039;est-ce que VNPAY-QR pour les 35+ utilisateurs de Mobile Banking et les 15+ pour obtenir un lien<\/strong><\/p>\n<p><img loading=\"lazy\" decoding=\"async\" class=\"wp-image-5470 size-full alignnone\" src=\"https:\/\/interpetvietnam.com\/wp-content\/uploads\/2024\/08\/vnpay1.jpg\" alt=\"\" width=\"1330\" height=\"785\" srcset=\"https:\/\/interpetvietnam.com\/wp-content\/uploads\/2024\/08\/vnpay1.jpg 1330w, https:\/\/interpetvietnam.com\/wp-content\/uploads\/2024\/08\/vnpay1-300x177.jpg 300w, https:\/\/interpetvietnam.com\/wp-content\/uploads\/2024\/08\/vnpay1-1024x604.jpg 1024w, https:\/\/interpetvietnam.com\/wp-content\/uploads\/2024\/08\/vnpay1-768x453.jpg 768w, https:\/\/interpetvietnam.com\/wp-content\/uploads\/2024\/08\/vnpay1-18x12.jpg 18w, https:\/\/interpetvietnam.com\/wp-content\/uploads\/2024\/08\/vnpay1-600x354.jpg 600w\" sizes=\"auto, (max-width: 1330px) 100vw, 1330px\" \/><\/p>\n<p><strong>40+ ATM\/n\u1ed9i \u0111\u1ecba\/t\u00e0i kho\u1ea3n ng\u00e2n h\u00e0ng<\/strong><\/p>\n<p><img loading=\"lazy\" decoding=\"async\" class=\"wp-image-5472 size-full alignnone\" src=\"https:\/\/interpetvietnam.com\/wp-content\/uploads\/2024\/08\/vnpay2.jpg\" alt=\"\" width=\"1724\" height=\"648\" srcset=\"https:\/\/interpetvietnam.com\/wp-content\/uploads\/2024\/08\/vnpay2.jpg 1600w, https:\/\/interpetvietnam.com\/wp-content\/uploads\/2024\/08\/vnpay2-300x113.jpg 300w, https:\/\/interpetvietnam.com\/wp-content\/uploads\/2024\/08\/vnpay2-1024x385.jpg 1024w, https:\/\/interpetvietnam.com\/wp-content\/uploads\/2024\/08\/vnpay2-768x289.jpg 768w, https:\/\/interpetvietnam.com\/wp-content\/uploads\/2024\/08\/vnpay2-1536x577.jpg 1536w, https:\/\/interpetvietnam.com\/wp-content\/uploads\/2024\/08\/vnpay2-18x7.jpg 18w, https:\/\/interpetvietnam.com\/wp-content\/uploads\/2024\/08\/vnpay2-600x226.jpg 600w\" sizes=\"auto, (max-width: 1724px) 100vw, 1724px\" \/><\/p>\n<p><strong>4 Th\u1ebb thanh to\u00e1n qu\u1ed1c t\u1ebf<\/strong><\/p>\n<p><img loading=\"lazy\" decoding=\"async\" class=\"wp-image-5473 size-full alignnone\" src=\"https:\/\/interpetvietnam.com\/wp-content\/uploads\/2024\/08\/vnpay3.jpg\" alt=\"\" width=\"850\" height=\"103\" srcset=\"https:\/\/interpetvietnam.com\/wp-content\/uploads\/2024\/08\/vnpay3.jpg 850w, https:\/\/interpetvietnam.com\/wp-content\/uploads\/2024\/08\/vnpay3-300x36.jpg 300w, https:\/\/interpetvietnam.com\/wp-content\/uploads\/2024\/08\/vnpay3-768x93.jpg 768w, https:\/\/interpetvietnam.com\/wp-content\/uploads\/2024\/08\/vnpay3-18x2.jpg 18w, https:\/\/interpetvietnam.com\/wp-content\/uploads\/2024\/08\/vnpay3-600x73.jpg 600w\" sizes=\"auto, (max-width: 850px) 100vw, 850px\" \/><\/p>\n<p>&nbsp;<\/p>\n<p><strong>C\u00e1c ph\u01b0\u01a1ng th\u1ee9c thanh to\u00e1n qua VNPAY<\/strong><\/p>\n<figure id=\"attachment_5471\" aria-describedby=\"caption-attachment-5471\" style=\"width: 806px\" class=\"wp-caption alignnone\"><img loading=\"lazy\" decoding=\"async\" class=\"wp-image-5471 size-full\" src=\"https:\/\/interpetvietnam.com\/wp-content\/uploads\/2024\/08\/vnpay4.jpg\" alt=\"\" width=\"806\" height=\"648\" srcset=\"https:\/\/interpetvietnam.com\/wp-content\/uploads\/2024\/08\/vnpay4.jpg 806w, https:\/\/interpetvietnam.com\/wp-content\/uploads\/2024\/08\/vnpay4-300x241.jpg 300w, https:\/\/interpetvietnam.com\/wp-content\/uploads\/2024\/08\/vnpay4-768x617.jpg 768w, https:\/\/interpetvietnam.com\/wp-content\/uploads\/2024\/08\/vnpay4-15x12.jpg 15w, https:\/\/interpetvietnam.com\/wp-content\/uploads\/2024\/08\/vnpay4-600x482.jpg 600w\" sizes=\"auto, (max-width: 806px) 100vw, 806px\" \/><figcaption id=\"caption-attachment-5471\" class=\"wp-caption-text\">Comment utiliser QR Pay\/VNPAY-QR<\/figcaption><\/figure>\n<ol>\n<li><strong>Merci de bien vouloir dire \u00ab\u00a0Je vous remercie de savoir si c&#039;est VNPAY-QR\u00a0\u00bb<\/strong><\/li>\n<\/ol>\n<p><strong>\u00a0<\/strong><\/p>\n<p><strong>B\u01b0\u1edbc 1<\/strong>: Qu\u00fd kh\u00e1ch l\u1ef1a ch\u1ecdn s\u1ea3n ph\u1ea9m, d\u1ecbch v\u1ee5 et ch\u1ecdn Thanh to\u00e1n ngay ho\u1eb7c \u0110\u1eb7t h\u00e0ng<br \/>\nT\u1ea1i trang thanh to\u00e1n, vui l\u00f2ng ki\u1ec3m tra l\u1ea1i s\u1ea3n ph\u1ea9m \u0111\u00e3 \u0111\u1eb7t, \u0111i\u1ec1n \u0111\u1ea7y \u0111\u1ee7 th\u00f4ng tin ng\u01b0\u1eddi nh\u1eadn h\u00e0ng, ch\u1ecdn ph\u01b0\u01a1ng th\u1ee9c thanh appuyez sur VNPAY et n&#039;h\u00e9sitez pas \u00e0 \u00ab Ne pas accrocher \u00bb.<\/p>\n<p><strong>B\u01b0\u1edbc 2<\/strong>: M\u00e0n h\u00ecnh thanh to\u00e1n chuy\u1ec3n sang giao di\u1ec7n c\u1ed5ng thanh to\u00e1n VNPAY. Ch\u1ecdn ph\u01b0\u01a1ng th\u1ee9c \u00ab Plus que \u00e7a pour VNPAY-QR \u00bb<\/p>\n<p><strong>\u00a0<\/strong><\/p>\n<p><strong>B\u01b0\u1edbc 3<\/strong>: Si vous avez un QR qui vous permettra de savoir comment le faire, vous serez en mesure de le faire. S\u1eed d\u1ee5ng \u1ee9ng d\u1ee5ng ng\u00e2n h\u00e0ng (theo danh s\u00e1ch li\u1ec7t k\u00ea), ch\u1ecdn <strong>\u00abQu\u00e9t M\u00e3\u00bb<\/strong> et \u00e0 ti\u1ebfn h\u00e0nh qu\u00e9t m\u00e3 QR tr\u00ean m\u00e0n h\u00ecnh thanh to\u00e1n site Web<\/p>\n<p><em>*L\u01b0u \u00fd: M\u00e3 QR c\u00f3 hi\u1ec7u l\u1ef1c trong 15 min<br \/>\n\u0110\u1ec3 qu\u00e1 tr\u00ecnh thanh to\u00e1n th\u00e0nh c\u00f4ng, kh\u00e1ch h\u00e0ng vui l\u00f2ng tham kh\u1ea3o tr\u01b0\u1edbc c\u00e1c \u0111i\u1ec1u ki\u1ec7n et thao t\u00e1c qu\u00e9t m\u00e3 tr\u00ean \u0111i\u1ec7n tho\u1ea1i \u0111\u1ec3 s\u1eb5n s\u00e0ng, Je pense que c&#039;est plus facile pour moi de savoir ce qui se passe.<\/em><\/p>\n<p><strong>B\u01b0\u1edbc 4<\/strong>: Ki\u1ec3m tra th\u00f4ng tin, nh\u1eadp m\u00e3 gi\u1ea3m gi\u00e1 (n\u1ebfu c\u00f3) et ho\u00e0n t\u1ea5t thanh to\u00e1n<br \/>\nKhi th\u1ef1c hi\u1ec7n thanh to\u00e1n ho\u00e0n t\u1ea5t Qu\u00fd kh\u00e1ch s\u1ebd nh\u1eadn \u0111\u01b0\u1ee3c th\u00f4ng b\u00e1o x\u00e1c nh\u1eadn \u0111\u01a1n h\u00e0ng \u0111\u1eb7t h\u00e0ng th\u00e0nh c\u00f4ng t\u1ea1i website<\/p>\n<p><em><br \/>\nComment utiliser QR Pay\/VNPAY-QR<\/em><\/p>\n<ol start=\"2\">\n<li><strong>Ph\u01b0\u01a1ng th\u1ee9c thanh to\u00e1n qua \u00ab Th\u1ebb n\u1ed9i \u0111\u1ecba et t\u00e0i kho\u1ea3n ng\u00e2n h\u00e0ng \u00bb<\/strong><\/li>\n<\/ol>\n<p><strong><br \/>\nB\u01b0\u1edbc 1<\/strong>: Qu\u00fd kh\u00e1ch l\u1ef1a ch\u1ecdn s\u1ea3n ph\u1ea9m, d\u1ecbch v\u1ee5 et ch\u1ecdn Thanh to\u00e1n ngay ho\u1eb7c \u0110\u1eb7t h\u00e0ng<br \/>\nT\u1ea1i trang thanh to\u00e1n, vui l\u00f2ng ki\u1ec3m tra l\u1ea1i s\u1ea3n ph\u1ea9m \u0111\u00e3 \u0111\u1eb7t, \u0111i\u1ec1n \u0111\u1ea7y \u0111\u1ee7 th\u00f4ng tin ng\u01b0\u1eddi nh\u1eadn h\u00e0ng, ch\u1ecdn ph\u01b0\u01a1ng th\u1ee9c thanh appuyez sur VNPAY et n&#039;h\u00e9sitez pas \u00e0 \u00ab Ne pas accrocher \u00bb.<\/p>\n<p><strong>B\u01b0\u1edbc 2<\/strong>: M\u00e0n h\u00ecnh thanh to\u00e1n chuy\u1ec3n sang giao di\u1ec7n c\u1ed5ng thanh to\u00e1n VNPAY. Ch\u1ecdn ph\u01b0\u01a1ng th\u1ee9c \u00ab\u00a0Th\u1ebb n\u1ed9i \u0111\u1ecba et \u00e0 t\u00e0i kho\u1ea3n ng\u00e2n h\u00e0ng\u00a0\u00bb et \u00e0 ch\u1ecdn ng\u00e2n h\u00e0ng mu\u1ed1n thanh to\u00e1n th\u1ebb trong danh s\u00e1ch<\/p>\n<p><strong>B\u01b0\u1edbc 3<\/strong>: Qu\u00fd kh\u00e1ch vui long th\u1ef1c hi\u1ec7n nh\u1eadp c\u00e1c th\u00f4ng tin th\u1ebb\/t\u00e0i kho\u1ea3n theo y\u00eau c\u1ea7u et \u00e0 ch\u1ecdn \u00abTi\u1ebfp t\u1ee5c\u00bb. M\u00e3 OTP s\u1ebd \u0111\u01b0\u1ee3c g\u1eedi v\u1ec1 \u0111i\u1ec7n tho\u1ea1i \u0111\u0103ng k\u00fd, nh\u1eadp m\u00e3 OTP \u0111\u1ec3 ho\u00e0n t\u1ea5t giao d\u1ecbch<\/p>\n<p><em>*L\u01b0u \u00fd\u00a0: Giao d\u1ecbch s\u1ebd h\u1ebft h\u1ea1n sau 15 min <\/em><\/p>\n<p><em>\u00a0<\/em><\/p>\n<p><strong>B\u01b0\u1edbc 4<\/strong>: Khi th\u1ef1c hi\u1ec7n thanh to\u00e1n ho\u00e0n t\u1ea5t Qu\u00fd kh\u00e1ch s\u1ebd nh\u1eadn \u0111\u01b0\u1ee3c th\u00f4ng b\u00e1o x\u00e1c nh\u1eadn \u0111\u01a1n accrocher \u0111\u1eb7t accrocher th\u00e0nh c\u00f4ng t\u1ea1i site Web<\/p>\n<p><em>Giao di\u1ec7n thanh to\u00e1n qua \u00ab Th\u1ebb n\u1ed9i \u0111\u1ecba et t\u00e0i kho\u1ea3n ng\u00e2n h\u00e0ng \u00bb<\/em><\/p>\n<ol start=\"3\">\n<li><strong>Merci de noter que \u00ab\u00a0Merci de vous contacter (Visa, MasterCard, JCB, UnionPay)\u00a0\u00bb<br \/>\n<\/strong>T\u01b0\u01a1ng t\u1ef1 nh\u01b0 ph\u01b0\u01a1ng th\u1ee9c thanh to\u00e1n \u00ab Th\u1ebb n\u1ed9i \u0111\u1ecba et t\u00e0i kho\u1ea3n ng\u00e2n h\u00e0ng \u00bb<\/li>\n<\/ol>\n<ol start=\"4\">\n<li><strong> Ph\u01b0\u01a1ng th\u1ee9c thanh to\u00e1n qua \u00ab\u00a0V\u00ed \u0111i\u1ec7n to VNPAY\u00a0\u00bb<\/strong><\/li>\n<\/ol>\n<p>Pour plus d&#039;informations sur VNPAY-QR<\/p>\n<p><strong>&#8212;&#8212;&#8212;&#8212;&#8212;&#8212;&#8212;<br \/>\nK\u00caNH H\u1ed6 TR\u1ee2 VNPAY<\/strong><br \/>\n\u2013 T\u1ed5ng \u0111\u00e0i : *3388 au 1900 55 55 77<\/p>\n<p>\u2013 Zalo OA : <a href=\"https:\/\/zalo.me\/4134983655549474109\">zalo.me\/4134983655549474109<\/a><\/p>\n<p>- E-mail: <a href=\"mailto:hotro@vnpay.vn\">hotro@vnpay.vn<\/a><\/p>\n<p>\u2013 Page de fans\u00a0: <a href=\"https:\/\/www.facebook.com\/VNPAYQR.vn\">facebook.com\/VNPAYQR.vn<\/a><\/p>\n<p>&nbsp;<\/p>\n<p>&nbsp;<\/p>\n<p>&nbsp;<\/p>","protected":false},"excerpt":{"rendered":"<p>H\u01af\u1edaNG D\u1eaaN THANH TO\u00c1N VNPAY TR\u00caN WEBSITE C\u1ed5ng thanh to\u00e1n VNPAY est un site Web pour C\u00f4ng ty C\u1ed5 ph\u1ea7n Gi\u1ea3i ph\u00e1p Thanh to\u00e1n Vi\u1ec7t Nam (VNPAY) ph\u00e1t tri\u1ec3n. Lorsque vous souhaitez utiliser QR Pay\/VNPAY-QR, vous pouvez acc\u00e9der aux services bancaires mobiles avec les services bancaires mobiles.<\/p>","protected":false},"author":1,"featured_media":0,"parent":0,"menu_order":0,"comment_status":"closed","ping_status":"closed","template":"","meta":{"inline_featured_image":false,"footnotes":""},"class_list":["post-5467","page","type-page","status-publish","hentry"],"acf":[],"yoast_head":"<!-- This site is optimized with the Yoast SEO Premium plugin v22.8 (Yoast SEO v26.3) - https:\/\/yoast.com\/wordpress\/plugins\/seo\/ -->\n<title>H\u01b0\u1edbng d\u1eabn thanh to\u00e1n VNPAY tr\u00ean Website - InterPet Expo Vietnam<\/title>\n<meta name=\"robots\" content=\"noindex, follow, max-snippet:-1, max-image-preview:large, max-video-preview:-1\" \/>\n<meta property=\"og:locale\" content=\"fr_FR\" \/>\n<meta property=\"og:type\" content=\"article\" \/>\n<meta property=\"og:title\" content=\"H\u01b0\u1edbng d\u1eabn thanh to\u00e1n VNPAY tr\u00ean Website\" \/>\n<meta property=\"og:description\" content=\"H\u01af\u1edaNG D\u1eaaN THANH TO\u00c1N VNPAY TR\u00caN WEBSITE C\u1ed5ng thanh to\u00e1n VNPAY l\u00e0 gi\u1ea3i ph\u00e1p thanh to\u00e1n do C\u00f4ng ty C\u1ed5 ph\u1ea7n Gi\u1ea3i ph\u00e1p Thanh to\u00e1n Vi\u1ec7t Nam (VNPAY) ph\u00e1t tri\u1ec3n. Kh\u00e1ch h\u00e0ng s\u1eed d\u1ee5ng th\u1ebb\/t\u00e0i kho\u1ea3n ng\u00e2n h\u00e0ng, t\u00ednh n\u0103ng QR Pay\/VNPAY-QR \u0111\u01b0\u1ee3c t\u00edch h\u1ee3p s\u1eb5n tr\u00ean \u1ee9ng d\u1ee5ng Mobile Banking c\u1ee7a c\u00e1c ng\u00e2n h\u00e0ng\" \/>\n<meta property=\"og:url\" content=\"https:\/\/interpetvietnam.com\/fr\/site-web-de-huong-dan-thanh-toan-vnpay-tren\/\" \/>\n<meta property=\"og:site_name\" content=\"InterPet Expo Vietnam\" \/>\n<meta property=\"article:modified_time\" content=\"2024-08-01T08:02:08+00:00\" \/>\n<meta property=\"og:image\" content=\"https:\/\/interpetvietnam.com\/wp-content\/uploads\/2024\/08\/vnpay1.jpg\" \/>\n<meta name=\"twitter:card\" content=\"summary_large_image\" \/>\n<meta name=\"twitter:label1\" content=\"Dur\u00e9e de lecture estim\u00e9e\" \/>\n\t<meta name=\"twitter:data1\" content=\"5 minutes\" \/>\n<script type=\"application\/ld+json\" class=\"yoast-schema-graph\">{\"@context\":\"https:\/\/schema.org\",\"@graph\":[{\"@type\":\"WebPage\",\"@id\":\"https:\/\/interpetvietnam.com\/huong-dan-thanh-toan-vnpay-tren-website\/\",\"url\":\"https:\/\/interpetvietnam.com\/huong-dan-thanh-toan-vnpay-tren-website\/\",\"name\":\"H\u01b0\u1edbng d\u1eabn thanh to\u00e1n VNPAY tr\u00ean Website - InterPet Expo Vietnam\",\"isPartOf\":{\"@id\":\"https:\/\/interpetvietnam.com\/#website\"},\"primaryImageOfPage\":{\"@id\":\"https:\/\/interpetvietnam.com\/huong-dan-thanh-toan-vnpay-tren-website\/#primaryimage\"},\"image\":{\"@id\":\"https:\/\/interpetvietnam.com\/huong-dan-thanh-toan-vnpay-tren-website\/#primaryimage\"},\"thumbnailUrl\":\"https:\/\/interpetvietnam.com\/wp-content\/uploads\/2024\/08\/vnpay1.jpg\",\"datePublished\":\"2024-08-01T07:55:07+00:00\",\"dateModified\":\"2024-08-01T08:02:08+00:00\",\"breadcrumb\":{\"@id\":\"https:\/\/interpetvietnam.com\/huong-dan-thanh-toan-vnpay-tren-website\/#breadcrumb\"},\"inLanguage\":\"fr-FR\",\"potentialAction\":[{\"@type\":\"ReadAction\",\"target\":[\"https:\/\/interpetvietnam.com\/huong-dan-thanh-toan-vnpay-tren-website\/\"]}]},{\"@type\":\"ImageObject\",\"inLanguage\":\"fr-FR\",\"@id\":\"https:\/\/interpetvietnam.com\/huong-dan-thanh-toan-vnpay-tren-website\/#primaryimage\",\"url\":\"https:\/\/interpetvietnam.com\/wp-content\/uploads\/2024\/08\/vnpay1.jpg\",\"contentUrl\":\"https:\/\/interpetvietnam.com\/wp-content\/uploads\/2024\/08\/vnpay1.jpg\"},{\"@type\":\"BreadcrumbList\",\"@id\":\"https:\/\/interpetvietnam.com\/huong-dan-thanh-toan-vnpay-tren-website\/#breadcrumb\",\"itemListElement\":[{\"@type\":\"ListItem\",\"position\":1,\"name\":\"Home\",\"item\":\"https:\/\/interpetvietnam.com\/\"},{\"@type\":\"ListItem\",\"position\":2,\"name\":\"H\u01b0\u1edbng d\u1eabn thanh to\u00e1n VNPAY tr\u00ean Website\"}]},{\"@type\":\"WebSite\",\"@id\":\"https:\/\/interpetvietnam.com\/#website\",\"url\":\"https:\/\/interpetvietnam.com\/\",\"name\":\"InterPet Expo Vietnam\",\"description\":\"\",\"publisher\":{\"@id\":\"https:\/\/interpetvietnam.com\/#organization\"},\"potentialAction\":[{\"@type\":\"SearchAction\",\"target\":{\"@type\":\"EntryPoint\",\"urlTemplate\":\"https:\/\/interpetvietnam.com\/?s={search_term_string}\"},\"query-input\":{\"@type\":\"PropertyValueSpecification\",\"valueRequired\":true,\"valueName\":\"search_term_string\"}}],\"inLanguage\":\"fr-FR\"},{\"@type\":\"Organization\",\"@id\":\"https:\/\/interpetvietnam.com\/#organization\",\"name\":\"InterPet Expo Vietnam\",\"url\":\"https:\/\/interpetvietnam.com\/\",\"logo\":{\"@type\":\"ImageObject\",\"inLanguage\":\"fr-FR\",\"@id\":\"https:\/\/interpetvietnam.com\/#\/schema\/logo\/image\/\",\"url\":\"https:\/\/interpetvietnam.com\/wp-content\/uploads\/2025\/12\/interpetlogoheader.png\",\"contentUrl\":\"https:\/\/interpetvietnam.com\/wp-content\/uploads\/2025\/12\/interpetlogoheader.png\",\"width\":1361,\"height\":719,\"caption\":\"InterPet Expo Vietnam\"},\"image\":{\"@id\":\"https:\/\/interpetvietnam.com\/#\/schema\/logo\/image\/\"}}]}<\/script>\n<!-- \/ Yoast SEO Premium plugin. -->","yoast_head_json":{"title":"H\u01b0\u1edbng d\u1eabn thanh to\u00e1n VNPAY tr\u00ean Website - InterPet Expo Vietnam","robots":{"index":"noindex","follow":"follow","max-snippet":"max-snippet:-1","max-image-preview":"max-image-preview:large","max-video-preview":"max-video-preview:-1"},"og_locale":"fr_FR","og_type":"article","og_title":"H\u01b0\u1edbng d\u1eabn thanh to\u00e1n VNPAY tr\u00ean Website","og_description":"H\u01af\u1edaNG D\u1eaaN THANH TO\u00c1N VNPAY TR\u00caN WEBSITE C\u1ed5ng thanh to\u00e1n VNPAY l\u00e0 gi\u1ea3i ph\u00e1p thanh to\u00e1n do C\u00f4ng ty C\u1ed5 ph\u1ea7n Gi\u1ea3i ph\u00e1p Thanh to\u00e1n Vi\u1ec7t Nam (VNPAY) ph\u00e1t tri\u1ec3n. Kh\u00e1ch h\u00e0ng s\u1eed d\u1ee5ng th\u1ebb\/t\u00e0i kho\u1ea3n ng\u00e2n h\u00e0ng, t\u00ednh n\u0103ng QR Pay\/VNPAY-QR \u0111\u01b0\u1ee3c t\u00edch h\u1ee3p s\u1eb5n tr\u00ean \u1ee9ng d\u1ee5ng Mobile Banking c\u1ee7a c\u00e1c ng\u00e2n h\u00e0ng","og_url":"https:\/\/interpetvietnam.com\/fr\/site-web-de-huong-dan-thanh-toan-vnpay-tren\/","og_site_name":"InterPet Expo Vietnam","article_modified_time":"2024-08-01T08:02:08+00:00","og_image":[{"url":"https:\/\/interpetvietnam.com\/wp-content\/uploads\/2024\/08\/vnpay1.jpg","type":"","width":"","height":""}],"twitter_card":"summary_large_image","twitter_misc":{"Dur\u00e9e de lecture estim\u00e9e":"5 minutes"},"schema":{"@context":"https:\/\/schema.org","@graph":[{"@type":"WebPage","@id":"https:\/\/interpetvietnam.com\/huong-dan-thanh-toan-vnpay-tren-website\/","url":"https:\/\/interpetvietnam.com\/huong-dan-thanh-toan-vnpay-tren-website\/","name":"H\u01b0\u1edbng d\u1eabn thanh to\u00e1n VNPAY tr\u00ean Website - InterPet Expo Vietnam","isPartOf":{"@id":"https:\/\/interpetvietnam.com\/#website"},"primaryImageOfPage":{"@id":"https:\/\/interpetvietnam.com\/huong-dan-thanh-toan-vnpay-tren-website\/#primaryimage"},"image":{"@id":"https:\/\/interpetvietnam.com\/huong-dan-thanh-toan-vnpay-tren-website\/#primaryimage"},"thumbnailUrl":"https:\/\/interpetvietnam.com\/wp-content\/uploads\/2024\/08\/vnpay1.jpg","datePublished":"2024-08-01T07:55:07+00:00","dateModified":"2024-08-01T08:02:08+00:00","breadcrumb":{"@id":"https:\/\/interpetvietnam.com\/huong-dan-thanh-toan-vnpay-tren-website\/#breadcrumb"},"inLanguage":"fr-FR","potentialAction":[{"@type":"ReadAction","target":["https:\/\/interpetvietnam.com\/huong-dan-thanh-toan-vnpay-tren-website\/"]}]},{"@type":"ImageObject","inLanguage":"fr-FR","@id":"https:\/\/interpetvietnam.com\/huong-dan-thanh-toan-vnpay-tren-website\/#primaryimage","url":"https:\/\/interpetvietnam.com\/wp-content\/uploads\/2024\/08\/vnpay1.jpg","contentUrl":"https:\/\/interpetvietnam.com\/wp-content\/uploads\/2024\/08\/vnpay1.jpg"},{"@type":"BreadcrumbList","@id":"https:\/\/interpetvietnam.com\/huong-dan-thanh-toan-vnpay-tren-website\/#breadcrumb","itemListElement":[{"@type":"ListItem","position":1,"name":"Home","item":"https:\/\/interpetvietnam.com\/"},{"@type":"ListItem","position":2,"name":"H\u01b0\u1edbng d\u1eabn thanh to\u00e1n VNPAY tr\u00ean Website"}]},{"@type":"WebSite","@id":"https:\/\/interpetvietnam.com\/#website","url":"https:\/\/interpetvietnam.com\/","name":"InterPet Expo Vietnam","description":"","publisher":{"@id":"https:\/\/interpetvietnam.com\/#organization"},"potentialAction":[{"@type":"SearchAction","target":{"@type":"EntryPoint","urlTemplate":"https:\/\/interpetvietnam.com\/?s={search_term_string}"},"query-input":{"@type":"PropertyValueSpecification","valueRequired":true,"valueName":"search_term_string"}}],"inLanguage":"fr-FR"},{"@type":"Organization","@id":"https:\/\/interpetvietnam.com\/#organization","name":"InterPet Expo Vietnam","url":"https:\/\/interpetvietnam.com\/","logo":{"@type":"ImageObject","inLanguage":"fr-FR","@id":"https:\/\/interpetvietnam.com\/#\/schema\/logo\/image\/","url":"https:\/\/interpetvietnam.com\/wp-content\/uploads\/2025\/12\/interpetlogoheader.png","contentUrl":"https:\/\/interpetvietnam.com\/wp-content\/uploads\/2025\/12\/interpetlogoheader.png","width":1361,"height":719,"caption":"InterPet Expo Vietnam"},"image":{"@id":"https:\/\/interpetvietnam.com\/#\/schema\/logo\/image\/"}}]}},"_links":{"self":[{"href":"https:\/\/interpetvietnam.com\/fr\/wp-json\/wp\/v2\/pages\/5467","targetHints":{"allow":["GET"]}}],"collection":[{"href":"https:\/\/interpetvietnam.com\/fr\/wp-json\/wp\/v2\/pages"}],"about":[{"href":"https:\/\/interpetvietnam.com\/fr\/wp-json\/wp\/v2\/types\/page"}],"author":[{"embeddable":true,"href":"https:\/\/interpetvietnam.com\/fr\/wp-json\/wp\/v2\/users\/1"}],"replies":[{"embeddable":true,"href":"https:\/\/interpetvietnam.com\/fr\/wp-json\/wp\/v2\/comments?post=5467"}],"version-history":[{"count":0,"href":"https:\/\/interpetvietnam.com\/fr\/wp-json\/wp\/v2\/pages\/5467\/revisions"}],"wp:attachment":[{"href":"https:\/\/interpetvietnam.com\/fr\/wp-json\/wp\/v2\/media?parent=5467"}],"curies":[{"name":"wp","href":"https:\/\/api.w.org\/{rel}","templated":true}]}}