{"id":29173,"date":"2025-04-14T17:30:31","date_gmt":"2025-04-14T10:30:31","guid":{"rendered":"https:\/\/interpetfest.com\/?page_id=29173"},"modified":"2025-04-14T17:39:54","modified_gmt":"2025-04-14T10:39:54","slug":"vietnams-pet-market-growth-potential-and-business-opportunities","status":"publish","type":"page","link":"https:\/\/interpetvietnam.com\/tr\/vietnam-evcil-hayvan-pazarinin-buyume-potansiyeli-ve-is-firsatlari\/","title":{"rendered":"Vietnam Evcil Hayvan Pazar\u0131: B\u00fcy\u00fcme Potansiyeli ve \u0130\u015f F\u0131rsatlar\u0131"},"content":{"rendered":"<p><img loading=\"lazy\" decoding=\"async\" class=\"alignnone wp-image-29174 size-full\" src=\"https:\/\/interpetvietnam.com\/wp-content\/uploads\/2025\/04\/0A7A0815.jpg\" alt=\"\" width=\"1920\" height=\"1281\" srcset=\"https:\/\/interpetvietnam.com\/wp-content\/uploads\/2025\/04\/0A7A0815.jpg 1600w, https:\/\/interpetvietnam.com\/wp-content\/uploads\/2025\/04\/0A7A0815-300x200.jpg 300w, https:\/\/interpetvietnam.com\/wp-content\/uploads\/2025\/04\/0A7A0815-1024x683.jpg 1024w, https:\/\/interpetvietnam.com\/wp-content\/uploads\/2025\/04\/0A7A0815-768x512.jpg 768w, https:\/\/interpetvietnam.com\/wp-content\/uploads\/2025\/04\/0A7A0815-1536x1025.jpg 1536w, https:\/\/interpetvietnam.com\/wp-content\/uploads\/2025\/04\/0A7A0815-18x12.jpg 18w, https:\/\/interpetvietnam.com\/wp-content\/uploads\/2025\/04\/0A7A0815-600x400.jpg 600w\" sizes=\"auto, (max-width: 1920px) 100vw, 1920px\" \/><\/p>\n<p><span style=\"font-weight: 400;\"><b>Vietnam Evcil Hayvan Pazar\u0131: B\u00fcy\u00fcme Potansiyeli ve \u0130\u015f F\u0131rsatlar\u0131<\/b><\/span><\/p>\n<p><span style=\"font-weight: 400;\">Vietnam&#039;daki evcil hayvan pazar\u0131, de\u011fi\u015fen ya\u015fam tarzlar\u0131n\u0131 ve evcil hayvan sahipli\u011fi ve bak\u0131m\u0131na y\u00f6nelik geli\u015fen t\u00fcketici tutumlar\u0131n\u0131 yans\u0131tarak h\u0131zla b\u00fcy\u00fcyor. Orta s\u0131n\u0131f\u0131n h\u0131zla y\u00fckseli\u015fi, kentle\u015fme ve Bat\u0131 k\u00fclt\u00fcrel etkileri, \u00f6zellikle k\u00f6pek ve kediler olmak \u00fczere evcil hayvanlara olan talebi ve onlar\u0131n refah\u0131na verilen \u00f6nemi art\u0131rd\u0131.<\/span><\/p>\n<p><span style=\"font-weight: 400;\">2024 TGM Ara\u015ft\u0131rma raporuna g\u00f6re, Vietnam&#039;da \u015fu anda yakla\u015f\u0131k 8 milyon k\u00f6pek ve 4 milyon kedi evlerde ya\u015f\u0131yor ve bu da bir \u00f6nceki y\u0131la g\u00f6re 151.3 trilyonluk bir art\u0131\u015f anlam\u0131na geliyor. Bu art\u0131\u015f, \u00f6zellikle gen\u00e7 evcil hayvan sahipleri ve daha y\u00fcksek gelir d\u00fczeyine sahip aileler aras\u0131nda pazar\u0131n h\u0131zl\u0131 geni\u015flemesini vurguluyor. Ayr\u0131ca, evcil hayvan end\u00fcstrisi, 2024 y\u0131l\u0131nda tahmini 1500 milyon rupi gelir ve y\u0131ll\u0131k ortalama 1.3 trilyonluk b\u00fcy\u00fcme oran\u0131yla dikkat \u00e7ekici bir b\u00fcy\u00fcme kaydetti.<\/span><\/p>\n<p><b>Evcil Hayvan End\u00fcstrisinin H\u0131zl\u0131 B\u00fcy\u00fcmesi<\/b><\/p>\n<p><span style=\"font-weight: 400;\"><img loading=\"lazy\" decoding=\"async\" class=\"alignnone wp-image-28640 size-full\" src=\"https:\/\/interpetvietnam.com\/wp-content\/uploads\/2025\/03\/LQT_1418.jpg\" alt=\"\" width=\"1920\" height=\"1280\" srcset=\"https:\/\/interpetvietnam.com\/wp-content\/uploads\/2025\/03\/LQT_1418.jpg 1600w, https:\/\/interpetvietnam.com\/wp-content\/uploads\/2025\/03\/LQT_1418-300x200.jpg 300w, https:\/\/interpetvietnam.com\/wp-content\/uploads\/2025\/03\/LQT_1418-1024x683.jpg 1024w, https:\/\/interpetvietnam.com\/wp-content\/uploads\/2025\/03\/LQT_1418-768x512.jpg 768w, https:\/\/interpetvietnam.com\/wp-content\/uploads\/2025\/03\/LQT_1418-1536x1024.jpg 1536w, https:\/\/interpetvietnam.com\/wp-content\/uploads\/2025\/03\/LQT_1418-18x12.jpg 18w, https:\/\/interpetvietnam.com\/wp-content\/uploads\/2025\/03\/LQT_1418-600x400.jpg 600w\" sizes=\"auto, (max-width: 1920px) 100vw, 1920px\" \/><\/span><\/p>\n<p><span style=\"font-weight: 400;\">Evcil hayvan mamas\u0131, toplam gelirin 601.3 trilyon dolar\u0131n \u00fczerinde bir k\u0131sm\u0131n\u0131 olu\u015fturan sekt\u00f6r\u00fcn en b\u00fcy\u00fck segmentini olu\u015fturmaktad\u0131r. Vietnaml\u0131 evcil hayvan sahipleri, evcil hayvanlar\u0131n\u0131n sa\u011fl\u0131\u011f\u0131n\u0131 iyile\u015ftirmek i\u00e7in giderek daha fazla y\u00fcksek kaliteli beslenme, organik \u00fcr\u00fcnler ve \u00f6zel diyetler tercih etmektedir. Bu trend, ABD, Avrupa ve Japonya&#039;dan ithal edilen y\u00fcksek kaliteli evcil hayvan mamas\u0131 markalar\u0131n\u0131n geni\u015flemesinin \u00f6n\u00fcn\u00fc a\u00e7m\u0131\u015ft\u0131r.<\/span><\/p>\n<p><span style=\"font-weight: 400;\">Yem sekt\u00f6r\u00fcn\u00fcn \u00f6tesinde, evcil hayvan aksesuarlar\u0131 ve hizmetleri sekt\u00f6r\u00fc de h\u0131zla b\u00fcy\u00fcyor. \u00d6zellikle Hanoi ve Ho Chi Minh City gibi b\u00fcy\u00fck \u015fehirlerde evcil hayvan spa&#039;lar\u0131, pansiyonlar, evcil hayvan sigortas\u0131 ve \u00f6zel sa\u011fl\u0131k hizmetleri gibi hizmetler pop\u00fclerlik kazan\u0131yor. TGM Research&#039;\u00fcn yapt\u0131\u011f\u0131 bir ara\u015ft\u0131rmaya g\u00f6re, evcil hayvan sahiplerinin ,1&#039;i evcil hayvanlar\u0131 i\u00e7in ayda 500.000 VND&#039;den (1,4 milyar) fazla harcamaya istekli; bu da premium hizmetler i\u00e7in g\u00fc\u00e7l\u00fc bir potansiyel oldu\u011funu g\u00f6steriyor.<\/span><\/p>\n<p><span style=\"font-weight: 400;\">E-ticaret ve sosyal medya da sekt\u00f6r\u00fcn evriminde \u00e7ok \u00f6nemli bir rol oynuyor. Bir\u00e7ok marka, m\u00fc\u015fterilerle etkile\u015fim kurmak, \u00fcr\u00fcnleri tan\u0131tmak ve canl\u0131 evcil hayvansever topluluklar\u0131 olu\u015fturmak i\u00e7in bu platformlardan yararlan\u0131yor. Bu fakt\u00f6rler, Vietnam&#039;\u0131n evcil hayvan sekt\u00f6r\u00fcn\u00fc her zamankinden daha dinamik ve umut vadeden bir hale getiriyor.<\/span><\/p>\n<p><span style=\"font-weight: 400;\">Pazar\u0131n g\u00fc\u00e7l\u00fc b\u00fcy\u00fcmesiyle birlikte, InterPet Expo Vi\u1ec7t Nam \u2013 Uluslararas\u0131 Evcil Hayvan Festivali ve Fuar\u0131 Vietnam, i\u015fletmeleri, uzmanlar\u0131 ve evcil hayvan sever toplulu\u011funu bir araya getiren \u00f6nemli bir etkinlik haline geldi. Etkinlik, en son \u00fcr\u00fcn ve hizmetleri sergiliyor, evcil hayvan bak\u0131m\u0131ndaki en yeni yenilikleri tan\u0131t\u0131yor ve yerel ve uluslararas\u0131 i\u015fletmeler i\u00e7in de\u011ferli bir a\u011f olu\u015fturma platformu yarat\u0131yor.<\/span><\/p>\n<p>&nbsp;<\/p>\n<p><b>InterPet Expo Vi\u1ec7t Nam 2026 \u2013 Vietnam&#039;\u0131n \u00d6nde Gelen Uluslararas\u0131 Evcil Hayvan Festivali ve Fuar\u0131\u00a0<\/b><\/p>\n<p><b>PSV 2026 \u2013 Uluslararas\u0131 Evcil Hayvan Tedarik Fuar\u0131 Vietnam\u00a0<\/b><\/p>\n<p><span style=\"font-weight: 400;\"><img loading=\"lazy\" decoding=\"async\" class=\"alignnone wp-image-29175 size-full\" src=\"https:\/\/interpetvietnam.com\/wp-content\/uploads\/2025\/04\/0A7A0796.jpg\" alt=\"\" width=\"1920\" height=\"1281\" srcset=\"https:\/\/interpetvietnam.com\/wp-content\/uploads\/2025\/04\/0A7A0796.jpg 1600w, https:\/\/interpetvietnam.com\/wp-content\/uploads\/2025\/04\/0A7A0796-300x200.jpg 300w, https:\/\/interpetvietnam.com\/wp-content\/uploads\/2025\/04\/0A7A0796-1024x683.jpg 1024w, https:\/\/interpetvietnam.com\/wp-content\/uploads\/2025\/04\/0A7A0796-768x512.jpg 768w, https:\/\/interpetvietnam.com\/wp-content\/uploads\/2025\/04\/0A7A0796-1536x1025.jpg 1536w, https:\/\/interpetvietnam.com\/wp-content\/uploads\/2025\/04\/0A7A0796-18x12.jpg 18w, https:\/\/interpetvietnam.com\/wp-content\/uploads\/2025\/04\/0A7A0796-600x400.jpg 600w\" sizes=\"auto, (max-width: 1920px) 100vw, 1920px\" \/><\/span><\/p>\n<p><span style=\"font-weight: 400;\">InterPet Expo Vi\u1ec7t Nam &amp; PSV 2026, sayg\u0131n markalar\u0131 bir araya getirecek ve Vietnam SECC B\u00fcy\u00fck K\u00f6pek G\u00f6sterisi, ISCC Vietnam Bak\u0131m Yar\u0131\u015fmas\u0131 ve profesyonel Evcil Hayvan End\u00fcstrisi Semineri, Veteriner Konferans\u0131, Evcil Hayvan Sahipleri At\u00f6lyesi, Evcil Hayvan Yar\u0131\u015fmalar\u0131 gibi heyecan verici etkinliklere ev sahipli\u011fi yapacak. Etkinlik, 20 \u00fclkeden 3.000 al\u0131c\u0131 ve 10.000 evcil hayvan severi \u00e7ekmeyi hedefliyor \u2013 InterPet Expo Vi\u1ec7t Nam, i\u015fletmelere pazar eri\u015fimlerini geni\u015fletmek, stratejik ortakl\u0131klar kurmak ve \u00fcr\u00fcn\/hizmetlerini pazara tan\u0131tmak i\u00e7in ideal bir f\u0131rsat sunuyor.<\/span><\/p>\n<p><span style=\"font-weight: 400;\">B\u00fcy\u00fck potansiyeli ve h\u0131zlanan b\u00fcy\u00fcme oran\u0131yla Vietnam&#039;\u0131n evcil hayvan pazar\u0131, karl\u0131 i\u015f f\u0131rsatlar\u0131 sunmaktad\u0131r. InterPet Expo Vi\u1ec7t Nam, bu geli\u015fen sekt\u00f6rde ba\u011flant\u0131lar\u0131 g\u00fc\u00e7lendirmek ve s\u00fcrd\u00fcr\u00fclebilir kalk\u0131nmay\u0131 te\u015fvik etmek i\u00e7in \u00f6nemli bir etkinlik olarak \u00f6ne \u00e7\u0131kmaktad\u0131r.<\/span><\/p>\n<p><span style=\"font-weight: 400;\">InterPet Expo Vi\u1ec7t Nam &amp; PSV 2026 hakk\u0131nda daha fazla bilgi edinmek ve Vietnam Evcil Hayvan Bak\u0131m\u0131 Ara\u015ft\u0131rmas\u0131&#039;n\u0131 indirmek i\u00e7in a\u015fa\u011f\u0131daki ba\u011flant\u0131y\u0131 kullanabilirsiniz:\u00a0 <\/span><span style=\"text-decoration: underline;\"><em><a href=\"https:\/\/www.eventure.com.vn\/reportvietnam\"><span style=\"font-weight: 400;\">https:\/\/www.eventure.com.vn\/reportvietnam<\/span><\/a><span style=\"font-weight: 400;\">\u00a0<\/span><\/em><\/span><\/p>\n<p>&nbsp;<\/p>","protected":false},"excerpt":{"rendered":"<p>Vietnam&#8217;s Pet Market: Growth Potential and Business Opportunities The pet market in Vietnam is growing rapidly, reflecting shifting lifestyles and evolving consumer attitudes toward pet ownership and care. The rapid rise of the middle class, urbanization, and Western cultural influences have fueled the demand for pets\u2014especially dogs and cats\u2014along with a growing focus on their<\/p>","protected":false},"author":1,"featured_media":0,"parent":0,"menu_order":0,"comment_status":"closed","ping_status":"closed","template":"","meta":{"inline_featured_image":false,"footnotes":""},"class_list":["post-29173","page","type-page","status-publish","hentry"],"acf":[],"yoast_head":"<!-- This site is optimized with the Yoast SEO Premium plugin v22.8 (Yoast SEO v26.3) - https:\/\/yoast.com\/wordpress\/plugins\/seo\/ -->\n<title>Vietnam&#039;s Pet Market: Growth Potential and Business Opportunities - InterPet Expo Vietnam<\/title>\n<meta name=\"description\" content=\"Explore Vietnam&#039;s booming pet market and discover key trends, growth drivers, and business opportunities at InterPet Expo Vi\u1ec7t Nam &amp; PSV 2026.\" \/>\n<meta name=\"robots\" content=\"noindex, follow, max-snippet:-1, max-image-preview:large, max-video-preview:-1\" \/>\n<meta property=\"og:locale\" content=\"tr_TR\" \/>\n<meta property=\"og:type\" content=\"article\" \/>\n<meta property=\"og:title\" content=\"Vietnam&#039;s Pet Market: Growth Potential and Business Opportunities\" \/>\n<meta property=\"og:description\" content=\"Explore Vietnam&#039;s booming pet market and discover key trends, growth drivers, and business opportunities at InterPet Expo Vi\u1ec7t Nam &amp; PSV 2026.\" \/>\n<meta property=\"og:url\" content=\"https:\/\/interpetvietnam.com\/tr\/vietnam-evcil-hayvan-pazarinin-buyume-potansiyeli-ve-is-firsatlari\/\" \/>\n<meta property=\"og:site_name\" content=\"InterPet Expo Vietnam\" \/>\n<meta property=\"article:modified_time\" content=\"2025-04-14T10:39:54+00:00\" \/>\n<meta property=\"og:image\" content=\"https:\/\/interpetvietnam.com\/wp-content\/uploads\/2025\/04\/0A7A0815.jpg\" \/>\n<meta name=\"twitter:card\" content=\"summary_large_image\" \/>\n<meta name=\"twitter:label1\" content=\"Tahmini okuma s\u00fcresi\" \/>\n\t<meta name=\"twitter:data1\" content=\"3 dakika\" \/>\n<script type=\"application\/ld+json\" class=\"yoast-schema-graph\">{\"@context\":\"https:\/\/schema.org\",\"@graph\":[{\"@type\":\"WebPage\",\"@id\":\"https:\/\/interpetvietnam.com\/vietnams-pet-market-growth-potential-and-business-opportunities\/\",\"url\":\"https:\/\/interpetvietnam.com\/vietnams-pet-market-growth-potential-and-business-opportunities\/\",\"name\":\"Vietnam's Pet Market: Growth Potential and Business Opportunities - InterPet Expo Vietnam\",\"isPartOf\":{\"@id\":\"https:\/\/interpetvietnam.com\/#website\"},\"primaryImageOfPage\":{\"@id\":\"https:\/\/interpetvietnam.com\/vietnams-pet-market-growth-potential-and-business-opportunities\/#primaryimage\"},\"image\":{\"@id\":\"https:\/\/interpetvietnam.com\/vietnams-pet-market-growth-potential-and-business-opportunities\/#primaryimage\"},\"thumbnailUrl\":\"https:\/\/interpetvietnam.com\/wp-content\/uploads\/2025\/04\/0A7A0815.jpg\",\"datePublished\":\"2025-04-14T10:30:31+00:00\",\"dateModified\":\"2025-04-14T10:39:54+00:00\",\"description\":\"Explore Vietnam's booming pet market and discover key trends, growth drivers, and business opportunities at InterPet Expo Vi\u1ec7t Nam & PSV 2026.\",\"breadcrumb\":{\"@id\":\"https:\/\/interpetvietnam.com\/vietnams-pet-market-growth-potential-and-business-opportunities\/#breadcrumb\"},\"inLanguage\":\"tr\",\"potentialAction\":[{\"@type\":\"ReadAction\",\"target\":[\"https:\/\/interpetvietnam.com\/vietnams-pet-market-growth-potential-and-business-opportunities\/\"]}]},{\"@type\":\"ImageObject\",\"inLanguage\":\"tr\",\"@id\":\"https:\/\/interpetvietnam.com\/vietnams-pet-market-growth-potential-and-business-opportunities\/#primaryimage\",\"url\":\"https:\/\/interpetvietnam.com\/wp-content\/uploads\/2025\/04\/0A7A0815.jpg\",\"contentUrl\":\"https:\/\/interpetvietnam.com\/wp-content\/uploads\/2025\/04\/0A7A0815.jpg\"},{\"@type\":\"BreadcrumbList\",\"@id\":\"https:\/\/interpetvietnam.com\/vietnams-pet-market-growth-potential-and-business-opportunities\/#breadcrumb\",\"itemListElement\":[{\"@type\":\"ListItem\",\"position\":1,\"name\":\"Home\",\"item\":\"https:\/\/interpetvietnam.com\/\"},{\"@type\":\"ListItem\",\"position\":2,\"name\":\"Vietnam&#8217;s Pet Market: Growth Potential and Business Opportunities\"}]},{\"@type\":\"WebSite\",\"@id\":\"https:\/\/interpetvietnam.com\/#website\",\"url\":\"https:\/\/interpetvietnam.com\/\",\"name\":\"InterPet Expo Vietnam\",\"description\":\"\",\"publisher\":{\"@id\":\"https:\/\/interpetvietnam.com\/#organization\"},\"potentialAction\":[{\"@type\":\"SearchAction\",\"target\":{\"@type\":\"EntryPoint\",\"urlTemplate\":\"https:\/\/interpetvietnam.com\/?s={search_term_string}\"},\"query-input\":{\"@type\":\"PropertyValueSpecification\",\"valueRequired\":true,\"valueName\":\"search_term_string\"}}],\"inLanguage\":\"tr\"},{\"@type\":\"Organization\",\"@id\":\"https:\/\/interpetvietnam.com\/#organization\",\"name\":\"InterPet Expo Vietnam\",\"url\":\"https:\/\/interpetvietnam.com\/\",\"logo\":{\"@type\":\"ImageObject\",\"inLanguage\":\"tr\",\"@id\":\"https:\/\/interpetvietnam.com\/#\/schema\/logo\/image\/\",\"url\":\"https:\/\/interpetvietnam.com\/wp-content\/uploads\/2025\/12\/interpetlogoheader.png\",\"contentUrl\":\"https:\/\/interpetvietnam.com\/wp-content\/uploads\/2025\/12\/interpetlogoheader.png\",\"width\":1361,\"height\":719,\"caption\":\"InterPet Expo Vietnam\"},\"image\":{\"@id\":\"https:\/\/interpetvietnam.com\/#\/schema\/logo\/image\/\"}}]}<\/script>\n<!-- \/ Yoast SEO Premium plugin. -->","yoast_head_json":{"title":"Vietnam's Pet Market: Growth Potential and Business Opportunities - InterPet Expo Vietnam","description":"Explore Vietnam's booming pet market and discover key trends, growth drivers, and business opportunities at InterPet Expo Vi\u1ec7t Nam & PSV 2026.","robots":{"index":"noindex","follow":"follow","max-snippet":"max-snippet:-1","max-image-preview":"max-image-preview:large","max-video-preview":"max-video-preview:-1"},"og_locale":"tr_TR","og_type":"article","og_title":"Vietnam's Pet Market: Growth Potential and Business Opportunities","og_description":"Explore Vietnam's booming pet market and discover key trends, growth drivers, and business opportunities at InterPet Expo Vi\u1ec7t Nam & PSV 2026.","og_url":"https:\/\/interpetvietnam.com\/tr\/vietnam-evcil-hayvan-pazarinin-buyume-potansiyeli-ve-is-firsatlari\/","og_site_name":"InterPet Expo Vietnam","article_modified_time":"2025-04-14T10:39:54+00:00","og_image":[{"url":"https:\/\/interpetvietnam.com\/wp-content\/uploads\/2025\/04\/0A7A0815.jpg","type":"","width":"","height":""}],"twitter_card":"summary_large_image","twitter_misc":{"Tahmini okuma s\u00fcresi":"3 dakika"},"schema":{"@context":"https:\/\/schema.org","@graph":[{"@type":"WebPage","@id":"https:\/\/interpetvietnam.com\/vietnams-pet-market-growth-potential-and-business-opportunities\/","url":"https:\/\/interpetvietnam.com\/vietnams-pet-market-growth-potential-and-business-opportunities\/","name":"Vietnam's Pet Market: Growth Potential and Business Opportunities - InterPet Expo Vietnam","isPartOf":{"@id":"https:\/\/interpetvietnam.com\/#website"},"primaryImageOfPage":{"@id":"https:\/\/interpetvietnam.com\/vietnams-pet-market-growth-potential-and-business-opportunities\/#primaryimage"},"image":{"@id":"https:\/\/interpetvietnam.com\/vietnams-pet-market-growth-potential-and-business-opportunities\/#primaryimage"},"thumbnailUrl":"https:\/\/interpetvietnam.com\/wp-content\/uploads\/2025\/04\/0A7A0815.jpg","datePublished":"2025-04-14T10:30:31+00:00","dateModified":"2025-04-14T10:39:54+00:00","description":"Explore Vietnam's booming pet market and discover key trends, growth drivers, and business opportunities at InterPet Expo Vi\u1ec7t Nam & PSV 2026.","breadcrumb":{"@id":"https:\/\/interpetvietnam.com\/vietnams-pet-market-growth-potential-and-business-opportunities\/#breadcrumb"},"inLanguage":"tr","potentialAction":[{"@type":"ReadAction","target":["https:\/\/interpetvietnam.com\/vietnams-pet-market-growth-potential-and-business-opportunities\/"]}]},{"@type":"ImageObject","inLanguage":"tr","@id":"https:\/\/interpetvietnam.com\/vietnams-pet-market-growth-potential-and-business-opportunities\/#primaryimage","url":"https:\/\/interpetvietnam.com\/wp-content\/uploads\/2025\/04\/0A7A0815.jpg","contentUrl":"https:\/\/interpetvietnam.com\/wp-content\/uploads\/2025\/04\/0A7A0815.jpg"},{"@type":"BreadcrumbList","@id":"https:\/\/interpetvietnam.com\/vietnams-pet-market-growth-potential-and-business-opportunities\/#breadcrumb","itemListElement":[{"@type":"ListItem","position":1,"name":"Home","item":"https:\/\/interpetvietnam.com\/"},{"@type":"ListItem","position":2,"name":"Vietnam&#8217;s Pet Market: Growth Potential and Business Opportunities"}]},{"@type":"WebSite","@id":"https:\/\/interpetvietnam.com\/#website","url":"https:\/\/interpetvietnam.com\/","name":"InterPet Expo Vietnam","description":"","publisher":{"@id":"https:\/\/interpetvietnam.com\/#organization"},"potentialAction":[{"@type":"SearchAction","target":{"@type":"EntryPoint","urlTemplate":"https:\/\/interpetvietnam.com\/?s={search_term_string}"},"query-input":{"@type":"PropertyValueSpecification","valueRequired":true,"valueName":"search_term_string"}}],"inLanguage":"tr"},{"@type":"Organization","@id":"https:\/\/interpetvietnam.com\/#organization","name":"InterPet Expo Vietnam","url":"https:\/\/interpetvietnam.com\/","logo":{"@type":"ImageObject","inLanguage":"tr","@id":"https:\/\/interpetvietnam.com\/#\/schema\/logo\/image\/","url":"https:\/\/interpetvietnam.com\/wp-content\/uploads\/2025\/12\/interpetlogoheader.png","contentUrl":"https:\/\/interpetvietnam.com\/wp-content\/uploads\/2025\/12\/interpetlogoheader.png","width":1361,"height":719,"caption":"InterPet Expo Vietnam"},"image":{"@id":"https:\/\/interpetvietnam.com\/#\/schema\/logo\/image\/"}}]}},"_links":{"self":[{"href":"https:\/\/interpetvietnam.com\/tr\/wp-json\/wp\/v2\/pages\/29173","targetHints":{"allow":["GET"]}}],"collection":[{"href":"https:\/\/interpetvietnam.com\/tr\/wp-json\/wp\/v2\/pages"}],"about":[{"href":"https:\/\/interpetvietnam.com\/tr\/wp-json\/wp\/v2\/types\/page"}],"author":[{"embeddable":true,"href":"https:\/\/interpetvietnam.com\/tr\/wp-json\/wp\/v2\/users\/1"}],"replies":[{"embeddable":true,"href":"https:\/\/interpetvietnam.com\/tr\/wp-json\/wp\/v2\/comments?post=29173"}],"version-history":[{"count":0,"href":"https:\/\/interpetvietnam.com\/tr\/wp-json\/wp\/v2\/pages\/29173\/revisions"}],"wp:attachment":[{"href":"https:\/\/interpetvietnam.com\/tr\/wp-json\/wp\/v2\/media?parent=29173"}],"curies":[{"name":"wp","href":"https:\/\/api.w.org\/{rel}","templated":true}]}}