{"id":5467,"date":"2024-08-01T14:55:07","date_gmt":"2024-08-01T07:55:07","guid":{"rendered":"https:\/\/interpetfest.com\/?page_id=5467"},"modified":"2024-08-01T15:02:08","modified_gmt":"2024-08-01T08:02:08","slug":"huong-dan-thanh-toan-vnpay-tren-website","status":"publish","type":"page","link":"https:\/\/interpetvietnam.com\/tr\/huong-dan-thanh-toan-vnpay-tren-web-sitesi\/","title":{"rendered":"VNPAY Web Sitesinden Daha Fazla Bilgi"},"content":{"rendered":"<h3><strong>WEB S\u0130TES\u0130NDEN VNPAY THANH THANH<\/strong><\/h3>\n<p>VNPAY&#039;e, Hindistan&#039;dan Vietnam&#039;a (VNPAY) bir \u00f6deme daha yap\u0131ld\u0131. Mobil Bankac\u0131l\u0131k&#039;ta QR Pay\/VNPAY-QR kullanarak mobil bankac\u0131l\u0131k i\u015flemlerini ger\u00e7ekle\u015ftirebilirsiniz. Bu, benim i\u00e7in daha iyi bir \u015fey ve daha fazlas\u0131 (daha fazlas\u0131)<\/p>\n<p><strong>VNPAY-QR, Mobil Bankac\u0131l\u0131k&#039;ta 35&#039;ten fazla ve daha \u00f6nce de 15&#039;ten fazla ki\u015fi taraf\u0131ndan kullan\u0131l\u0131yor<\/strong><\/p>\n<p><img loading=\"lazy\" decoding=\"async\" class=\"wp-image-5470 size-full alignnone\" src=\"https:\/\/interpetvietnam.com\/wp-content\/uploads\/2024\/08\/vnpay1.jpg\" alt=\"\" width=\"1330\" height=\"785\" srcset=\"https:\/\/interpetvietnam.com\/wp-content\/uploads\/2024\/08\/vnpay1.jpg 1330w, https:\/\/interpetvietnam.com\/wp-content\/uploads\/2024\/08\/vnpay1-300x177.jpg 300w, https:\/\/interpetvietnam.com\/wp-content\/uploads\/2024\/08\/vnpay1-1024x604.jpg 1024w, https:\/\/interpetvietnam.com\/wp-content\/uploads\/2024\/08\/vnpay1-768x453.jpg 768w, https:\/\/interpetvietnam.com\/wp-content\/uploads\/2024\/08\/vnpay1-18x12.jpg 18w, https:\/\/interpetvietnam.com\/wp-content\/uploads\/2024\/08\/vnpay1-600x354.jpg 600w\" sizes=\"auto, (max-width: 1330px) 100vw, 1330px\" \/><\/p>\n<p><strong>40&#039;dan fazla ATM\/Banka\/Banka ATM&#039;si<\/strong><\/p>\n<p><img loading=\"lazy\" decoding=\"async\" class=\"wp-image-5472 size-full alignnone\" src=\"https:\/\/interpetvietnam.com\/wp-content\/uploads\/2024\/08\/vnpay2.jpg\" alt=\"\" width=\"1724\" height=\"648\" srcset=\"https:\/\/interpetvietnam.com\/wp-content\/uploads\/2024\/08\/vnpay2.jpg 1600w, https:\/\/interpetvietnam.com\/wp-content\/uploads\/2024\/08\/vnpay2-300x113.jpg 300w, https:\/\/interpetvietnam.com\/wp-content\/uploads\/2024\/08\/vnpay2-1024x385.jpg 1024w, https:\/\/interpetvietnam.com\/wp-content\/uploads\/2024\/08\/vnpay2-768x289.jpg 768w, https:\/\/interpetvietnam.com\/wp-content\/uploads\/2024\/08\/vnpay2-1536x577.jpg 1536w, https:\/\/interpetvietnam.com\/wp-content\/uploads\/2024\/08\/vnpay2-18x7.jpg 18w, https:\/\/interpetvietnam.com\/wp-content\/uploads\/2024\/08\/vnpay2-600x226.jpg 600w\" sizes=\"auto, (max-width: 1724px) 100vw, 1724px\" \/><\/p>\n<p><strong>4 \u015eimdiden te\u015fekk\u00fcr ederim<\/strong><\/p>\n<p><img loading=\"lazy\" decoding=\"async\" class=\"wp-image-5473 size-full alignnone\" src=\"https:\/\/interpetvietnam.com\/wp-content\/uploads\/2024\/08\/vnpay3.jpg\" alt=\"\" width=\"850\" height=\"103\" srcset=\"https:\/\/interpetvietnam.com\/wp-content\/uploads\/2024\/08\/vnpay3.jpg 850w, https:\/\/interpetvietnam.com\/wp-content\/uploads\/2024\/08\/vnpay3-300x36.jpg 300w, https:\/\/interpetvietnam.com\/wp-content\/uploads\/2024\/08\/vnpay3-768x93.jpg 768w, https:\/\/interpetvietnam.com\/wp-content\/uploads\/2024\/08\/vnpay3-18x2.jpg 18w, https:\/\/interpetvietnam.com\/wp-content\/uploads\/2024\/08\/vnpay3-600x73.jpg 600w\" sizes=\"auto, (max-width: 850px) 100vw, 850px\" \/><\/p>\n<p>&nbsp;<\/p>\n<p><strong>VNPAY ile ilgili daha fazla bilgi<\/strong><\/p>\n<figure id=\"attachment_5471\" aria-describedby=\"caption-attachment-5471\" style=\"width: 806px\" class=\"wp-caption alignnone\"><img loading=\"lazy\" decoding=\"async\" class=\"wp-image-5471 size-full\" src=\"https:\/\/interpetvietnam.com\/wp-content\/uploads\/2024\/08\/vnpay4.jpg\" alt=\"\" width=\"806\" height=\"648\" srcset=\"https:\/\/interpetvietnam.com\/wp-content\/uploads\/2024\/08\/vnpay4.jpg 806w, https:\/\/interpetvietnam.com\/wp-content\/uploads\/2024\/08\/vnpay4-300x241.jpg 300w, https:\/\/interpetvietnam.com\/wp-content\/uploads\/2024\/08\/vnpay4-768x617.jpg 768w, https:\/\/interpetvietnam.com\/wp-content\/uploads\/2024\/08\/vnpay4-15x12.jpg 15w, https:\/\/interpetvietnam.com\/wp-content\/uploads\/2024\/08\/vnpay4-600x482.jpg 600w\" sizes=\"auto, (max-width: 806px) 100vw, 806px\" \/><figcaption id=\"caption-attachment-5471\" class=\"wp-caption-text\">QR Pay\/VNPAY-QR ile \u00f6deme yapma olana\u011f\u0131<\/figcaption><\/figure>\n<ol>\n<li><strong>&quot;VNPAY-QR&#039;dan daha iyi&quot;<\/strong><\/li>\n<\/ol>\n<p><strong>\u00a0<\/strong><\/p>\n<p><strong>B\u01b0\u1edbc 1<\/strong>: Bir telefon, bir telefon ve bir dahaki sefere daha fazla bilgi edinin<br \/>\nBu, \u00e7ok uzun zaman \u00f6nce bir kez daha, daha sonra bir kez daha, daha sonra, daha fazla bilgi i\u00e7in VNPAY&#039;e te\u015fekk\u00fcr ederim ve &quot;bir \u015fey de\u011fil&quot;.<\/p>\n<p><strong>B\u01b0\u1edbc 2<\/strong>: VNPAY&#039;den daha iyi bir \u015fey s\u00f6yledim. &quot;VNPAY-QR&#039;da bir de\u011fi\u015fiklik yok&quot;<\/p>\n<p><strong>\u00a0<\/strong><\/p>\n<p><strong>B\u01b0\u1edbc 3<\/strong>: QR kodunu kullanarak daha h\u0131zl\u0131 bir \u015fekilde i\u015flem yapabilirsiniz, daha sonra bunu yapabilirsiniz. Her \u015fey yolunda gitti (theo danh s\u00e1ch li\u1ec7t k\u00ea), ch\u1ecdn <strong>\u201cQu\u00e9t M\u00e3\u201d<\/strong> ve QR kodunu web siteme eklemek<\/p>\n<p><em>*Daha Fazla: 15 saate kadar QR kodu<br \/>\nBir kez daha, daha uzun s\u00fcre \u00f6nce bir kez daha ne kadar \u00e7ok \u015fey yapabilece\u011fimi ve ne kadar \u00e7ok \u015fey yapabilece\u011fimi d\u00fc\u015f\u00fcnd\u00fcm. Bu y\u00fczden, bir kez daha bir \u015fey yapmayaca\u011f\u0131m ve bunu yapabilece\u011fimi d\u00fc\u015f\u00fcn\u00fcyorum.<\/em><\/p>\n<p><strong>B\u01b0\u1edbc 4<\/strong>: Benim i\u00e7in bir \u015fey de\u011fil, daha fazlas\u0131 (ve daha fazlas\u0131) ve daha fazlas\u0131<br \/>\nBir web sitesinde daha fazla bilgi edinmek i\u00e7in daha fazla bilgi edinin<\/p>\n<p><em><br \/>\nQR Pay\/VNPAY-QR ile \u00f6deme yapma olana\u011f\u0131<\/em><\/p>\n<ol start=\"2\">\n<li><strong>&quot;Bu bir \u015fey de\u011fil ve bir \u015fey de\u011fil&quot; diye d\u00fc\u015f\u00fcn\u00fcyorum<\/strong><\/li>\n<\/ol>\n<p><strong><br \/>\nB\u01b0\u1edbc 1<\/strong>: Bir telefon, bir telefon ve bir dahaki sefere daha fazla bilgi edinin<br \/>\nBu, \u00e7ok uzun zaman \u00f6nce bir kez daha, daha sonra bir kez daha, daha sonra, daha fazla bilgi i\u00e7in VNPAY&#039;e te\u015fekk\u00fcr ederim ve &quot;bir \u015fey de\u011fil&quot;.<\/p>\n<p><strong>B\u01b0\u1edbc 2<\/strong>: VNPAY&#039;den daha iyi bir \u015fey s\u00f6yledim. &quot;B\u00f6ylece bir \u015fey olmad\u0131&quot; ve bu konuda bir \u015fey daha var<\/p>\n<p><strong>B\u01b0\u1edbc 3<\/strong>: Bir kez daha bir \u015fey yapmak istiyorsan\u0131z, bunu yap\u0131n ve &quot;\u0130\u015fte&quot; se\u00e7ene\u011fini se\u00e7in. OTP&#039;nin en iyi \u015fekilde kullan\u0131lmas\u0131, OTP&#039;nin bir kez daha kullan\u0131lmas\u0131na olanak sa\u011flar<\/p>\n<p><em>*\u015euan: Saat 15&#039;e kadar devam etti <\/em><\/p>\n<p><em>\u00a0<\/em><\/p>\n<p><strong>B\u01b0\u1edbc 4<\/strong>: Bir web sitesinde daha fazla bilgi edinmek i\u00e7in daha fazla bilgi edinin<\/p>\n<p><em>Giao di\u1ec7n thanh to\u00e1n qua &quot;Th\u1ebb n\u1ed9i \u0111\u1ecba ve t\u00e0i kho\u1ea3n ng\u00e2n h\u00e0ng&quot;<\/em><\/p>\n<ol start=\"3\">\n<li><strong>&quot;Bundan daha fazlas\u0131 (Visa, MasterCard, JCB, UnionPay)&quot;<br \/>\n<\/strong>&quot;B\u00f6yle bir \u015fey yok ve bu bir \u015fey de\u011fil&quot;<\/li>\n<\/ol>\n<ol start=\"4\">\n<li><strong> &quot;VNPAY&#039;i Kullan\u0131yorum&quot; diye bir \u015fey daha var<\/strong><\/li>\n<\/ol>\n<p>VNPAY-QR&#039;da &quot;\u00e7ok \u015fey var&quot;<\/p>\n<p><strong>&#8212;&#8212;&#8212;&#8212;&#8212;&#8212;&#8212;<br \/>\nK\u00caNH H\u1ed6 TR\u1ee2 VNPAY<\/strong><br \/>\n\u2013 Giri\u015f: *3388 veya 1900 55 55 77<\/p>\n<p>\u2013 Zalo OA: <a href=\"https:\/\/zalo.me\/4134983655549474109\">zalo.me\/4134983655549474109<\/a><\/p>\n<p>\u2013 E-posta: <a href=\"mailto:hotro@vnpay.vn\">hotro@vnpay.vn<\/a><\/p>\n<p>\u2013 Hayran sayfas\u0131: <a href=\"https:\/\/www.facebook.com\/VNPAYQR.vn\">facebook.com\/VNPAYQR.vn<\/a><\/p>\n<p>&nbsp;<\/p>\n<p>&nbsp;<\/p>\n<p>&nbsp;<\/p>","protected":false},"excerpt":{"rendered":"<p>VNPAY WEB S\u0130TES\u0130NDEN VNPAY&#039;e, Hindistan&#039;dan (VNPAY) Vietnam&#039;a (VNPAY) giderek daha fazla \u00f6deme yap\u0131l\u0131yor. Mobil Bankac\u0131l\u0131k&#039;ta QR Pay\/VNPAY-QR kullanarak mobil bankac\u0131l\u0131k i\u015flemlerini ger\u00e7ekle\u015ftirebilirsiniz<\/p>","protected":false},"author":1,"featured_media":0,"parent":0,"menu_order":0,"comment_status":"closed","ping_status":"closed","template":"","meta":{"inline_featured_image":false,"footnotes":""},"class_list":["post-5467","page","type-page","status-publish","hentry"],"acf":[],"yoast_head":"<!-- This site is optimized with the Yoast SEO Premium plugin v22.8 (Yoast SEO v26.3) - https:\/\/yoast.com\/wordpress\/plugins\/seo\/ -->\n<title>H\u01b0\u1edbng d\u1eabn thanh to\u00e1n VNPAY tr\u00ean Website - InterPet Expo Vietnam<\/title>\n<meta name=\"robots\" content=\"noindex, follow, max-snippet:-1, max-image-preview:large, max-video-preview:-1\" \/>\n<meta property=\"og:locale\" content=\"tr_TR\" \/>\n<meta property=\"og:type\" content=\"article\" \/>\n<meta property=\"og:title\" content=\"H\u01b0\u1edbng d\u1eabn thanh to\u00e1n VNPAY tr\u00ean Website\" \/>\n<meta property=\"og:description\" content=\"H\u01af\u1edaNG D\u1eaaN THANH TO\u00c1N VNPAY TR\u00caN WEBSITE C\u1ed5ng thanh to\u00e1n VNPAY l\u00e0 gi\u1ea3i ph\u00e1p thanh to\u00e1n do C\u00f4ng ty C\u1ed5 ph\u1ea7n Gi\u1ea3i ph\u00e1p Thanh to\u00e1n Vi\u1ec7t Nam (VNPAY) ph\u00e1t tri\u1ec3n. Kh\u00e1ch h\u00e0ng s\u1eed d\u1ee5ng th\u1ebb\/t\u00e0i kho\u1ea3n ng\u00e2n h\u00e0ng, t\u00ednh n\u0103ng QR Pay\/VNPAY-QR \u0111\u01b0\u1ee3c t\u00edch h\u1ee3p s\u1eb5n tr\u00ean \u1ee9ng d\u1ee5ng Mobile Banking c\u1ee7a c\u00e1c ng\u00e2n h\u00e0ng\" \/>\n<meta property=\"og:url\" content=\"https:\/\/interpetvietnam.com\/tr\/huong-dan-thanh-toan-vnpay-tren-web-sitesi\/\" \/>\n<meta property=\"og:site_name\" content=\"InterPet Expo Vietnam\" \/>\n<meta property=\"article:modified_time\" content=\"2024-08-01T08:02:08+00:00\" \/>\n<meta property=\"og:image\" content=\"https:\/\/interpetvietnam.com\/wp-content\/uploads\/2024\/08\/vnpay1.jpg\" \/>\n<meta name=\"twitter:card\" content=\"summary_large_image\" \/>\n<meta name=\"twitter:label1\" content=\"Tahmini okuma s\u00fcresi\" \/>\n\t<meta name=\"twitter:data1\" content=\"5 dakika\" \/>\n<script type=\"application\/ld+json\" class=\"yoast-schema-graph\">{\"@context\":\"https:\/\/schema.org\",\"@graph\":[{\"@type\":\"WebPage\",\"@id\":\"https:\/\/interpetvietnam.com\/huong-dan-thanh-toan-vnpay-tren-website\/\",\"url\":\"https:\/\/interpetvietnam.com\/huong-dan-thanh-toan-vnpay-tren-website\/\",\"name\":\"H\u01b0\u1edbng d\u1eabn thanh to\u00e1n VNPAY tr\u00ean Website - InterPet Expo Vietnam\",\"isPartOf\":{\"@id\":\"https:\/\/interpetvietnam.com\/#website\"},\"primaryImageOfPage\":{\"@id\":\"https:\/\/interpetvietnam.com\/huong-dan-thanh-toan-vnpay-tren-website\/#primaryimage\"},\"image\":{\"@id\":\"https:\/\/interpetvietnam.com\/huong-dan-thanh-toan-vnpay-tren-website\/#primaryimage\"},\"thumbnailUrl\":\"https:\/\/interpetvietnam.com\/wp-content\/uploads\/2024\/08\/vnpay1.jpg\",\"datePublished\":\"2024-08-01T07:55:07+00:00\",\"dateModified\":\"2024-08-01T08:02:08+00:00\",\"breadcrumb\":{\"@id\":\"https:\/\/interpetvietnam.com\/huong-dan-thanh-toan-vnpay-tren-website\/#breadcrumb\"},\"inLanguage\":\"tr\",\"potentialAction\":[{\"@type\":\"ReadAction\",\"target\":[\"https:\/\/interpetvietnam.com\/huong-dan-thanh-toan-vnpay-tren-website\/\"]}]},{\"@type\":\"ImageObject\",\"inLanguage\":\"tr\",\"@id\":\"https:\/\/interpetvietnam.com\/huong-dan-thanh-toan-vnpay-tren-website\/#primaryimage\",\"url\":\"https:\/\/interpetvietnam.com\/wp-content\/uploads\/2024\/08\/vnpay1.jpg\",\"contentUrl\":\"https:\/\/interpetvietnam.com\/wp-content\/uploads\/2024\/08\/vnpay1.jpg\"},{\"@type\":\"BreadcrumbList\",\"@id\":\"https:\/\/interpetvietnam.com\/huong-dan-thanh-toan-vnpay-tren-website\/#breadcrumb\",\"itemListElement\":[{\"@type\":\"ListItem\",\"position\":1,\"name\":\"Home\",\"item\":\"https:\/\/interpetvietnam.com\/\"},{\"@type\":\"ListItem\",\"position\":2,\"name\":\"H\u01b0\u1edbng d\u1eabn thanh to\u00e1n VNPAY tr\u00ean Website\"}]},{\"@type\":\"WebSite\",\"@id\":\"https:\/\/interpetvietnam.com\/#website\",\"url\":\"https:\/\/interpetvietnam.com\/\",\"name\":\"InterPet Expo Vietnam\",\"description\":\"\",\"publisher\":{\"@id\":\"https:\/\/interpetvietnam.com\/#organization\"},\"potentialAction\":[{\"@type\":\"SearchAction\",\"target\":{\"@type\":\"EntryPoint\",\"urlTemplate\":\"https:\/\/interpetvietnam.com\/?s={search_term_string}\"},\"query-input\":{\"@type\":\"PropertyValueSpecification\",\"valueRequired\":true,\"valueName\":\"search_term_string\"}}],\"inLanguage\":\"tr\"},{\"@type\":\"Organization\",\"@id\":\"https:\/\/interpetvietnam.com\/#organization\",\"name\":\"InterPet Expo Vietnam\",\"url\":\"https:\/\/interpetvietnam.com\/\",\"logo\":{\"@type\":\"ImageObject\",\"inLanguage\":\"tr\",\"@id\":\"https:\/\/interpetvietnam.com\/#\/schema\/logo\/image\/\",\"url\":\"https:\/\/interpetvietnam.com\/wp-content\/uploads\/2025\/12\/interpetlogoheader.png\",\"contentUrl\":\"https:\/\/interpetvietnam.com\/wp-content\/uploads\/2025\/12\/interpetlogoheader.png\",\"width\":1361,\"height\":719,\"caption\":\"InterPet Expo Vietnam\"},\"image\":{\"@id\":\"https:\/\/interpetvietnam.com\/#\/schema\/logo\/image\/\"}}]}<\/script>\n<!-- \/ Yoast SEO Premium plugin. -->","yoast_head_json":{"title":"H\u01b0\u1edbng d\u1eabn thanh to\u00e1n VNPAY tr\u00ean Website - InterPet Expo Vietnam","robots":{"index":"noindex","follow":"follow","max-snippet":"max-snippet:-1","max-image-preview":"max-image-preview:large","max-video-preview":"max-video-preview:-1"},"og_locale":"tr_TR","og_type":"article","og_title":"H\u01b0\u1edbng d\u1eabn thanh to\u00e1n VNPAY tr\u00ean Website","og_description":"H\u01af\u1edaNG D\u1eaaN THANH TO\u00c1N VNPAY TR\u00caN WEBSITE C\u1ed5ng thanh to\u00e1n VNPAY l\u00e0 gi\u1ea3i ph\u00e1p thanh to\u00e1n do C\u00f4ng ty C\u1ed5 ph\u1ea7n Gi\u1ea3i ph\u00e1p Thanh to\u00e1n Vi\u1ec7t Nam (VNPAY) ph\u00e1t tri\u1ec3n. Kh\u00e1ch h\u00e0ng s\u1eed d\u1ee5ng th\u1ebb\/t\u00e0i kho\u1ea3n ng\u00e2n h\u00e0ng, t\u00ednh n\u0103ng QR Pay\/VNPAY-QR \u0111\u01b0\u1ee3c t\u00edch h\u1ee3p s\u1eb5n tr\u00ean \u1ee9ng d\u1ee5ng Mobile Banking c\u1ee7a c\u00e1c ng\u00e2n h\u00e0ng","og_url":"https:\/\/interpetvietnam.com\/tr\/huong-dan-thanh-toan-vnpay-tren-web-sitesi\/","og_site_name":"InterPet Expo Vietnam","article_modified_time":"2024-08-01T08:02:08+00:00","og_image":[{"url":"https:\/\/interpetvietnam.com\/wp-content\/uploads\/2024\/08\/vnpay1.jpg","type":"","width":"","height":""}],"twitter_card":"summary_large_image","twitter_misc":{"Tahmini okuma s\u00fcresi":"5 dakika"},"schema":{"@context":"https:\/\/schema.org","@graph":[{"@type":"WebPage","@id":"https:\/\/interpetvietnam.com\/huong-dan-thanh-toan-vnpay-tren-website\/","url":"https:\/\/interpetvietnam.com\/huong-dan-thanh-toan-vnpay-tren-website\/","name":"H\u01b0\u1edbng d\u1eabn thanh to\u00e1n VNPAY tr\u00ean Website - InterPet Expo Vietnam","isPartOf":{"@id":"https:\/\/interpetvietnam.com\/#website"},"primaryImageOfPage":{"@id":"https:\/\/interpetvietnam.com\/huong-dan-thanh-toan-vnpay-tren-website\/#primaryimage"},"image":{"@id":"https:\/\/interpetvietnam.com\/huong-dan-thanh-toan-vnpay-tren-website\/#primaryimage"},"thumbnailUrl":"https:\/\/interpetvietnam.com\/wp-content\/uploads\/2024\/08\/vnpay1.jpg","datePublished":"2024-08-01T07:55:07+00:00","dateModified":"2024-08-01T08:02:08+00:00","breadcrumb":{"@id":"https:\/\/interpetvietnam.com\/huong-dan-thanh-toan-vnpay-tren-website\/#breadcrumb"},"inLanguage":"tr","potentialAction":[{"@type":"ReadAction","target":["https:\/\/interpetvietnam.com\/huong-dan-thanh-toan-vnpay-tren-website\/"]}]},{"@type":"ImageObject","inLanguage":"tr","@id":"https:\/\/interpetvietnam.com\/huong-dan-thanh-toan-vnpay-tren-website\/#primaryimage","url":"https:\/\/interpetvietnam.com\/wp-content\/uploads\/2024\/08\/vnpay1.jpg","contentUrl":"https:\/\/interpetvietnam.com\/wp-content\/uploads\/2024\/08\/vnpay1.jpg"},{"@type":"BreadcrumbList","@id":"https:\/\/interpetvietnam.com\/huong-dan-thanh-toan-vnpay-tren-website\/#breadcrumb","itemListElement":[{"@type":"ListItem","position":1,"name":"Home","item":"https:\/\/interpetvietnam.com\/"},{"@type":"ListItem","position":2,"name":"H\u01b0\u1edbng d\u1eabn thanh to\u00e1n VNPAY tr\u00ean Website"}]},{"@type":"WebSite","@id":"https:\/\/interpetvietnam.com\/#website","url":"https:\/\/interpetvietnam.com\/","name":"InterPet Expo Vietnam","description":"","publisher":{"@id":"https:\/\/interpetvietnam.com\/#organization"},"potentialAction":[{"@type":"SearchAction","target":{"@type":"EntryPoint","urlTemplate":"https:\/\/interpetvietnam.com\/?s={search_term_string}"},"query-input":{"@type":"PropertyValueSpecification","valueRequired":true,"valueName":"search_term_string"}}],"inLanguage":"tr"},{"@type":"Organization","@id":"https:\/\/interpetvietnam.com\/#organization","name":"InterPet Expo Vietnam","url":"https:\/\/interpetvietnam.com\/","logo":{"@type":"ImageObject","inLanguage":"tr","@id":"https:\/\/interpetvietnam.com\/#\/schema\/logo\/image\/","url":"https:\/\/interpetvietnam.com\/wp-content\/uploads\/2025\/12\/interpetlogoheader.png","contentUrl":"https:\/\/interpetvietnam.com\/wp-content\/uploads\/2025\/12\/interpetlogoheader.png","width":1361,"height":719,"caption":"InterPet Expo Vietnam"},"image":{"@id":"https:\/\/interpetvietnam.com\/#\/schema\/logo\/image\/"}}]}},"_links":{"self":[{"href":"https:\/\/interpetvietnam.com\/tr\/wp-json\/wp\/v2\/pages\/5467","targetHints":{"allow":["GET"]}}],"collection":[{"href":"https:\/\/interpetvietnam.com\/tr\/wp-json\/wp\/v2\/pages"}],"about":[{"href":"https:\/\/interpetvietnam.com\/tr\/wp-json\/wp\/v2\/types\/page"}],"author":[{"embeddable":true,"href":"https:\/\/interpetvietnam.com\/tr\/wp-json\/wp\/v2\/users\/1"}],"replies":[{"embeddable":true,"href":"https:\/\/interpetvietnam.com\/tr\/wp-json\/wp\/v2\/comments?post=5467"}],"version-history":[{"count":0,"href":"https:\/\/interpetvietnam.com\/tr\/wp-json\/wp\/v2\/pages\/5467\/revisions"}],"wp:attachment":[{"href":"https:\/\/interpetvietnam.com\/tr\/wp-json\/wp\/v2\/media?parent=5467"}],"curies":[{"name":"wp","href":"https:\/\/api.w.org\/{rel}","templated":true}]}}