{"id":7881,"date":"2024-08-23T22:54:42","date_gmt":"2024-08-23T15:54:42","guid":{"rendered":"https:\/\/interpetfest.com\/?page_id=7881"},"modified":"2024-08-23T22:56:22","modified_gmt":"2024-08-23T15:56:22","slug":"privacy-policy","status":"publish","type":"page","link":"https:\/\/interpetvietnam.com\/tr\/gizlilik-politikasi\/","title":{"rendered":"Gizlilik Politikas\u0131"},"content":{"rendered":"<div data-elementor-type=\"wp-page\" data-elementor-id=\"7881\" class=\"elementor elementor-7881\" data-elementor-post-type=\"page\">\n\t\t\t\t\t\t\t\t\t<section class=\"elementor-section elementor-top-section elementor-element elementor-element-58e1467e elementor-section-boxed elementor-section-height-default elementor-section-height-default\" data-id=\"58e1467e\" data-element_type=\"section\">\n\t\t\t\t\t\t<div class=\"elementor-container elementor-column-gap-default\">\n\t\t\t\t\t<div class=\"elementor-column elementor-col-100 elementor-top-column elementor-element elementor-element-71cf5244\" data-id=\"71cf5244\" data-element_type=\"column\">\n\t\t\t<div class=\"elementor-widget-wrap elementor-element-populated\">\n\t\t\t\t\t\t\n\n\t\t<div class=\"elementor-element elementor-element-53d8ad6a elementor-widget elementor-widget-text-editor\" data-id=\"53d8ad6a\" data-element_type=\"widget\" data-widget_type=\"text-editor.default\">\n\t\t\t\t<div class=\"elementor-widget-container\">\n\t\t\t<style>\/*! elementor - v3.15.0 - 02-08-2023 *\/\n.elementor-widget-text-editor.elementor-drop-cap-view-stacked .elementor-drop-cap{background-color:#69727d;color:#fff}.elementor-widget-text-editor.elementor-drop-cap-view-framed .elementor-drop-cap{color:#69727d;border:3px solid;background-color:transparent}.elementor-widget-text-editor:not(.elementor-drop-cap-view-default) .elementor-drop-cap{margin-top:8px}.elementor-widget-text-editor:not(.elementor-drop-cap-view-default) .elementor-drop-cap-letter{width:1em;height:1em}.elementor-widget-text-editor .elementor-drop-cap{float:left;text-align:center;line-height:1;font-size:50px}.elementor-widget-text-editor .elementor-drop-cap-letter{display:inline-block}<\/style>\t\t\t\t<p style=\"text-align: left;\">\u00a0<\/p><p>InterPet Expo Vi\u1ec7t Nam&#039;a, Uluslararas\u0131 Evcil Hayvan Festivali Vietnam&#039;a ho\u015f geldiniz. Gizlili\u011finize de\u011fer veriyoruz ve ki\u015fisel bilgilerinizi korumaya kararl\u0131y\u0131z. Bu Gizlilik Politikas\u0131, web sitemizi ziyaret etti\u011finizde veya etkinliklerimize kat\u0131ld\u0131\u011f\u0131n\u0131zda bilgilerinizi nas\u0131l toplad\u0131\u011f\u0131m\u0131z\u0131, kulland\u0131\u011f\u0131m\u0131z\u0131, if\u015fa etti\u011fimizi ve korudu\u011fumuzu a\u00e7\u0131klamaktad\u0131r.<\/p><p><strong>1. Toplad\u0131\u011f\u0131m\u0131z Bilgiler<\/strong><\/p><p>A\u015fa\u011f\u0131daki bilgi t\u00fcrlerini toplayabilir ve i\u015fleyebiliriz:<\/p><p><strong>\u2013 Ki\u015fisel Bilgiler:<\/strong> \u0130sim, e-posta adresi, telefon numaras\u0131, posta adresi, do\u011fum tarihi ve di\u011fer ileti\u015fim bilgileri.<br \/><strong>\u2013 \u00d6deme Bilgileri:<\/strong> \u00d6demelerin i\u015flenmesi i\u00e7in gerekli olan kredi\/banka kart\u0131 bilgileri, fatura adresi ve di\u011fer finansal veriler.<br \/>&#8211;<strong> Etkinli\u011fe Kat\u0131l\u0131m Verileri:<\/strong> Etkinliklerimize kat\u0131l\u0131m\u0131n\u0131zla ilgili bilgiler, \u00f6rne\u011fin kay\u0131t detaylar\u0131, etkinlik tercihleri ve geri bildirimler.<br \/><strong>\u2013 Teknik Veriler:<\/strong> Web sitemizle etkile\u015fim kurdu\u011funuzda IP adresi, taray\u0131c\u0131 t\u00fcr\u00fc, cihaz bilgileri ve di\u011fer teknik veriler toplan\u0131r.<br \/><strong>\u2013 \u00c7erezler ve \u0130zleme Teknolojileri:<\/strong> \u00c7erezler, web i\u015faret\u00e7ileri ve benzer teknolojiler arac\u0131l\u0131\u011f\u0131yla toplanan bilgiler.<\/p><p><strong>2. Bilgilerinizi Nas\u0131l Kullan\u0131yoruz<\/strong><\/p><p>Toplad\u0131\u011f\u0131m\u0131z bilgileri \u00e7e\u015fitli ama\u00e7lar i\u00e7in kullan\u0131yoruz, bunlar aras\u0131nda \u015funlar yer al\u0131yor:<\/p><p><strong>\u2013 Etkinlik Y\u00f6netimi:<\/strong> Sizi etkinliklere kaydetmek, \u00f6demeleri i\u015flemek ve etkinliklerle ilgili hizmetler sunmak i\u00e7in.<br \/><strong>- \u0130leti\u015fim:<\/strong> Size InterPet Expo Vi\u1ec7t Nam ve ortaklar\u0131yla ilgili g\u00fcncellemeler, tan\u0131t\u0131m materyalleri ve bilgiler g\u00f6ndermek i\u00e7in.<br \/><strong>\u2013 Analitik:<\/strong> Web sitesi kullan\u0131m\u0131n\u0131 analiz etmek, hizmetlerimizi geli\u015ftirmek ve web sitemizin g\u00fcvenli\u011fini sa\u011flamak amac\u0131yla.<br \/><strong>\u2013 Yasal Uyumluluk:<\/strong> Yasal y\u00fck\u00fcml\u00fcl\u00fcklerimize uymak, hizmet \u015fartlar\u0131m\u0131z\u0131 uygulamak ve haklar\u0131m\u0131z\u0131 korumak i\u00e7in.<\/p><p><strong>3. Bilgilerinizin Payla\u015f\u0131lmas\u0131<\/strong><\/p><p>Bilgilerinizi \u015fu ki\u015filerle payla\u015fabiliriz:<\/p><p><strong>\u2013 Etkinlik Ortaklar\u0131:<\/strong> InterPet Expo Vi\u1ec7t Nam&#039;\u0131n organizasyonunda yer alan ortaklar, sponsorlar ve i\u015f ortaklar\u0131, etkinlikle ilgili hizmetlerin sa\u011flanmas\u0131na yard\u0131mc\u0131 olmaktad\u0131r.<br \/><strong>\u2013 Hizmet Sa\u011flay\u0131c\u0131lar:<\/strong> Web sitesi i\u015flemleri, \u00f6deme i\u015flemleri, e-posta ileti\u015fimi ve di\u011fer hizmetlerde bize yard\u0131mc\u0131 olan \u00fc\u00e7\u00fcnc\u00fc taraf tedarik\u00e7ilerle \u00e7al\u0131\u015f\u0131yoruz.<br \/><strong>\u2013 Yasal Merciler:<\/strong> Kanun gerektirdi\u011fi takdirde veya InterPet Expo Vi\u1ec7t Nam&#039;\u0131n veya ba\u015fkalar\u0131n\u0131n g\u00fcvenli\u011fini, haklar\u0131n\u0131 veya m\u00fclkiyetini korumak i\u00e7in.<br \/><strong>\u2013 \u0130\u015fletme Devirleri:<\/strong> Herhangi bir birle\u015fme, varl\u0131k sat\u0131\u015f\u0131, finansman veya i\u015fletmemizin tamam\u0131n\u0131n veya bir k\u0131sm\u0131n\u0131n devral\u0131nmas\u0131yla ba\u011flant\u0131l\u0131 olarak.<\/p><p><strong>4. Veri G\u00fcvenli\u011fi<\/strong><\/p><p>Ki\u015fisel verilerinizi yetkisiz eri\u015fime, de\u011fi\u015fikli\u011fe, if\u015faya veya yok edilmeye kar\u015f\u0131 korumak i\u00e7in uygun teknik ve organizasyonel \u00f6nlemler uyguluyoruz. Ancak, hi\u00e7bir g\u00fcvenlik \u00f6nleminin tamamen kusursuz olmad\u0131\u011f\u0131n\u0131 l\u00fctfen unutmay\u0131n.<\/p><p><strong>5. Haklar\u0131n\u0131z<\/strong><\/p><p>Ki\u015fisel verilerinizle ilgili olarak a\u015fa\u011f\u0131daki haklara sahipsiniz:<\/p><p>\u2013 Eri\u015fim: Hakk\u0131n\u0131zda tuttu\u011fumuz ki\u015fisel verilerin bir kopyas\u0131n\u0131 talep edebilirsiniz.<br \/>\u2013 D\u00fczeltme: Yanl\u0131\u015f veya eksik verilerin d\u00fczeltilmesini talep edebilirsiniz.<br \/>\u2013 Silme: Yasal veya s\u00f6zle\u015fmesel y\u00fck\u00fcml\u00fcl\u00fckler sakl\u0131 kalmak kayd\u0131yla, ki\u015fisel verilerinizin silinmesini talep edebilirsiniz.<br \/>\u2013 \u0130tiraz: Belirli durumlarda ki\u015fisel verilerinizin i\u015flenmesine itiraz edebilirsiniz.<br \/>\u2013 Onay\u0131n Geri \u00c7ekilmesi: Veri i\u015fleme i\u00e7in onay verdiyseniz, bu onay\u0131 istedi\u011finiz zaman geri \u00e7ekebilirsiniz.<\/p><p>Bu haklardan herhangi birini kullanmak i\u00e7in l\u00fctfen admin@eventure.com.vn adresinden bizimle ileti\u015fime ge\u00e7in.<\/p><p><strong>6. Bu Gizlilik Politikas\u0131nda Yap\u0131lan De\u011fi\u015fiklikler<\/strong><\/p><p>Bu Gizlilik Politikas\u0131n\u0131 zaman zaman g\u00fcncelleyebiliriz. \u00d6nemli de\u011fi\u015fiklikler oldu\u011funda, yeni Gizlilik Politikas\u0131n\u0131 web sitemizde yay\u0131nlayarak sizi bilgilendirece\u011fiz. G\u00fcncellemeler i\u00e7in bu politikay\u0131 periyodik olarak g\u00f6zden ge\u00e7irmenizi \u00f6neririz.<\/p><p><strong>7. Bize Ula\u015f\u0131n<\/strong><\/p><p>Bu Gizlilik Politikas\u0131 veya veri uygulamalar\u0131m\u0131z hakk\u0131nda herhangi bir sorunuz veya endi\u015feniz varsa, l\u00fctfen bizimle \u015fu adresten ileti\u015fime ge\u00e7in:<\/p><p>E-posta: admin@eventure.com.vn<br \/>Telefon: (+84) 2873 041 1730<\/p><p>\u00a0<\/p>\t\t\t\t\t\t<\/div>\n\t\t\t\t<\/div>\n\t\t\t\t\t<\/div>\n\t\t<\/div>\n\t\t\t\t\t\t\t<\/div>\n\t\t<\/section>\n\t\t\t\t\t\t\t<\/div>","protected":false},"excerpt":{"rendered":"<p>\u00a0 InterPet Expo Vi\u1ec7t Nam&#039;a, Uluslararas\u0131 Evcil Hayvan Festivali Vietnam&#039;a ho\u015f geldiniz. Gizlili\u011finize de\u011fer veriyoruz ve ki\u015fisel bilgilerinizi korumaya kararl\u0131y\u0131z. Bu Gizlilik Politikas\u0131, web sitemizi ziyaret etti\u011finizde veya etkinliklerimize kat\u0131ld\u0131\u011f\u0131n\u0131zda bilgilerinizi nas\u0131l toplad\u0131\u011f\u0131m\u0131z\u0131, kulland\u0131\u011f\u0131m\u0131z\u0131, if\u015fa etti\u011fimizi ve korudu\u011fumuzu a\u00e7\u0131klamaktad\u0131r. 1. Toplad\u0131\u011f\u0131m\u0131z Bilgiler Toplayabilece\u011fimiz ve i\u015fleyebilece\u011fimiz bilgiler<\/p>","protected":false},"author":2,"featured_media":0,"parent":0,"menu_order":0,"comment_status":"closed","ping_status":"closed","template":"","meta":{"inline_featured_image":false,"footnotes":""},"class_list":["post-7881","page","type-page","status-publish","hentry"],"acf":[],"yoast_head":"<!-- This site is optimized with the Yoast SEO Premium plugin v22.8 (Yoast SEO v26.3) - https:\/\/yoast.com\/wordpress\/plugins\/seo\/ -->\n<title>Privacy Policy - InterPet Expo Vietnam<\/title>\n<meta name=\"robots\" content=\"noindex, follow, max-snippet:-1, max-image-preview:large, max-video-preview:-1\" \/>\n<meta property=\"og:locale\" content=\"tr_TR\" \/>\n<meta property=\"og:type\" content=\"article\" \/>\n<meta property=\"og:title\" content=\"Privacy Policy\" \/>\n<meta property=\"og:description\" content=\"\u00a0 Welcome to InterPet Expo Vi\u1ec7t Nam, International Pet Festival Vietnam. We value your privacy and are committed to protecting your personal information. This Privacy Policy explains how we collect, use, disclose, and safeguard your information when you visit our website or participate in our events. 1. Information We Collect We may collect and process\" \/>\n<meta property=\"og:url\" content=\"https:\/\/interpetvietnam.com\/tr\/gizlilik-politikasi\/\" \/>\n<meta property=\"og:site_name\" content=\"InterPet Expo Vietnam\" \/>\n<meta property=\"article:modified_time\" content=\"2024-08-23T15:56:22+00:00\" \/>\n<meta name=\"twitter:card\" content=\"summary_large_image\" \/>\n<meta name=\"twitter:label1\" content=\"Tahmini okuma s\u00fcresi\" \/>\n\t<meta name=\"twitter:data1\" content=\"3 dakika\" \/>\n<script type=\"application\/ld+json\" class=\"yoast-schema-graph\">{\"@context\":\"https:\/\/schema.org\",\"@graph\":[{\"@type\":\"WebPage\",\"@id\":\"https:\/\/interpetvietnam.com\/privacy-policy\/\",\"url\":\"https:\/\/interpetvietnam.com\/privacy-policy\/\",\"name\":\"Privacy Policy - InterPet Expo Vietnam\",\"isPartOf\":{\"@id\":\"https:\/\/interpetvietnam.com\/#website\"},\"datePublished\":\"2024-08-23T15:54:42+00:00\",\"dateModified\":\"2024-08-23T15:56:22+00:00\",\"breadcrumb\":{\"@id\":\"https:\/\/interpetvietnam.com\/privacy-policy\/#breadcrumb\"},\"inLanguage\":\"tr\",\"potentialAction\":[{\"@type\":\"ReadAction\",\"target\":[\"https:\/\/interpetvietnam.com\/privacy-policy\/\"]}]},{\"@type\":\"BreadcrumbList\",\"@id\":\"https:\/\/interpetvietnam.com\/privacy-policy\/#breadcrumb\",\"itemListElement\":[{\"@type\":\"ListItem\",\"position\":1,\"name\":\"Home\",\"item\":\"https:\/\/interpetvietnam.com\/\"},{\"@type\":\"ListItem\",\"position\":2,\"name\":\"Privacy Policy\"}]},{\"@type\":\"WebSite\",\"@id\":\"https:\/\/interpetvietnam.com\/#website\",\"url\":\"https:\/\/interpetvietnam.com\/\",\"name\":\"InterPet Expo Vietnam\",\"description\":\"\",\"publisher\":{\"@id\":\"https:\/\/interpetvietnam.com\/#organization\"},\"potentialAction\":[{\"@type\":\"SearchAction\",\"target\":{\"@type\":\"EntryPoint\",\"urlTemplate\":\"https:\/\/interpetvietnam.com\/?s={search_term_string}\"},\"query-input\":{\"@type\":\"PropertyValueSpecification\",\"valueRequired\":true,\"valueName\":\"search_term_string\"}}],\"inLanguage\":\"tr\"},{\"@type\":\"Organization\",\"@id\":\"https:\/\/interpetvietnam.com\/#organization\",\"name\":\"InterPet Expo Vietnam\",\"url\":\"https:\/\/interpetvietnam.com\/\",\"logo\":{\"@type\":\"ImageObject\",\"inLanguage\":\"tr\",\"@id\":\"https:\/\/interpetvietnam.com\/#\/schema\/logo\/image\/\",\"url\":\"https:\/\/interpetvietnam.com\/wp-content\/uploads\/2025\/12\/interpetlogoheader.png\",\"contentUrl\":\"https:\/\/interpetvietnam.com\/wp-content\/uploads\/2025\/12\/interpetlogoheader.png\",\"width\":1361,\"height\":719,\"caption\":\"InterPet Expo Vietnam\"},\"image\":{\"@id\":\"https:\/\/interpetvietnam.com\/#\/schema\/logo\/image\/\"}}]}<\/script>\n<!-- \/ Yoast SEO Premium plugin. -->","yoast_head_json":{"title":"Privacy Policy - InterPet Expo Vietnam","robots":{"index":"noindex","follow":"follow","max-snippet":"max-snippet:-1","max-image-preview":"max-image-preview:large","max-video-preview":"max-video-preview:-1"},"og_locale":"tr_TR","og_type":"article","og_title":"Privacy Policy","og_description":"\u00a0 Welcome to InterPet Expo Vi\u1ec7t Nam, International Pet Festival Vietnam. We value your privacy and are committed to protecting your personal information. This Privacy Policy explains how we collect, use, disclose, and safeguard your information when you visit our website or participate in our events. 1. Information We Collect We may collect and process","og_url":"https:\/\/interpetvietnam.com\/tr\/gizlilik-politikasi\/","og_site_name":"InterPet Expo Vietnam","article_modified_time":"2024-08-23T15:56:22+00:00","twitter_card":"summary_large_image","twitter_misc":{"Tahmini okuma s\u00fcresi":"3 dakika"},"schema":{"@context":"https:\/\/schema.org","@graph":[{"@type":"WebPage","@id":"https:\/\/interpetvietnam.com\/privacy-policy\/","url":"https:\/\/interpetvietnam.com\/privacy-policy\/","name":"Privacy Policy - InterPet Expo Vietnam","isPartOf":{"@id":"https:\/\/interpetvietnam.com\/#website"},"datePublished":"2024-08-23T15:54:42+00:00","dateModified":"2024-08-23T15:56:22+00:00","breadcrumb":{"@id":"https:\/\/interpetvietnam.com\/privacy-policy\/#breadcrumb"},"inLanguage":"tr","potentialAction":[{"@type":"ReadAction","target":["https:\/\/interpetvietnam.com\/privacy-policy\/"]}]},{"@type":"BreadcrumbList","@id":"https:\/\/interpetvietnam.com\/privacy-policy\/#breadcrumb","itemListElement":[{"@type":"ListItem","position":1,"name":"Home","item":"https:\/\/interpetvietnam.com\/"},{"@type":"ListItem","position":2,"name":"Privacy Policy"}]},{"@type":"WebSite","@id":"https:\/\/interpetvietnam.com\/#website","url":"https:\/\/interpetvietnam.com\/","name":"InterPet Expo Vietnam","description":"","publisher":{"@id":"https:\/\/interpetvietnam.com\/#organization"},"potentialAction":[{"@type":"SearchAction","target":{"@type":"EntryPoint","urlTemplate":"https:\/\/interpetvietnam.com\/?s={search_term_string}"},"query-input":{"@type":"PropertyValueSpecification","valueRequired":true,"valueName":"search_term_string"}}],"inLanguage":"tr"},{"@type":"Organization","@id":"https:\/\/interpetvietnam.com\/#organization","name":"InterPet Expo Vietnam","url":"https:\/\/interpetvietnam.com\/","logo":{"@type":"ImageObject","inLanguage":"tr","@id":"https:\/\/interpetvietnam.com\/#\/schema\/logo\/image\/","url":"https:\/\/interpetvietnam.com\/wp-content\/uploads\/2025\/12\/interpetlogoheader.png","contentUrl":"https:\/\/interpetvietnam.com\/wp-content\/uploads\/2025\/12\/interpetlogoheader.png","width":1361,"height":719,"caption":"InterPet Expo Vietnam"},"image":{"@id":"https:\/\/interpetvietnam.com\/#\/schema\/logo\/image\/"}}]}},"_links":{"self":[{"href":"https:\/\/interpetvietnam.com\/tr\/wp-json\/wp\/v2\/pages\/7881","targetHints":{"allow":["GET"]}}],"collection":[{"href":"https:\/\/interpetvietnam.com\/tr\/wp-json\/wp\/v2\/pages"}],"about":[{"href":"https:\/\/interpetvietnam.com\/tr\/wp-json\/wp\/v2\/types\/page"}],"author":[{"embeddable":true,"href":"https:\/\/interpetvietnam.com\/tr\/wp-json\/wp\/v2\/users\/2"}],"replies":[{"embeddable":true,"href":"https:\/\/interpetvietnam.com\/tr\/wp-json\/wp\/v2\/comments?post=7881"}],"version-history":[{"count":0,"href":"https:\/\/interpetvietnam.com\/tr\/wp-json\/wp\/v2\/pages\/7881\/revisions"}],"wp:attachment":[{"href":"https:\/\/interpetvietnam.com\/tr\/wp-json\/wp\/v2\/media?parent=7881"}],"curies":[{"name":"wp","href":"https:\/\/api.w.org\/{rel}","templated":true}]}}